{"id":101,"date":"2014-07-25T12:52:43","date_gmt":"2014-07-25T10:52:43","guid":{"rendered":"http:\/\/www.baszolich.com\/wordpress\/?page_id=101"},"modified":"2021-12-03T14:46:21","modified_gmt":"2021-12-03T12:46:21","slug":"aktuelles","status":"publish","type":"page","link":"http:\/\/www.baszolich.com\/?page_id=101","title":{"rendered":"Aktuelles:"},"content":{"rendered":"\n<p><strong>Bezirksbl\u00e4tter Triestingtal, 1.Dezember 2021<\/strong><\/p>\n\n\n\n<figure class=\"wp-block-gallery columns-1 is-cropped\"><ul class=\"blocks-gallery-grid\"><li class=\"blocks-gallery-item\"><figure><img loading=\"lazy\" width=\"951\" height=\"1024\" src=\"http:\/\/www.baszolich.com\/wp-content\/uploads\/2021\/12\/2021_48.Woche1_.Dezember_Bezirksbla\u0308tterTriestingtalTitelblattKLEIN-1-951x1024.jpg\" alt=\"\" data-id=\"1138\" data-full-url=\"http:\/\/www.baszolich.com\/wp-content\/uploads\/2021\/12\/2021_48.Woche1_.Dezember_Bezirksbla\u0308tterTriestingtalTitelblattKLEIN-1.jpg\" data-link=\"http:\/\/www.baszolich.com\/?attachment_id=1138\" class=\"wp-image-1138\" srcset=\"http:\/\/www.baszolich.com\/wp-content\/uploads\/2021\/12\/2021_48.Woche1_.Dezember_Bezirksbla\u0308tterTriestingtalTitelblattKLEIN-1-951x1024.jpg 951w, http:\/\/www.baszolich.com\/wp-content\/uploads\/2021\/12\/2021_48.Woche1_.Dezember_Bezirksbla\u0308tterTriestingtalTitelblattKLEIN-1-279x300.jpg 279w, http:\/\/www.baszolich.com\/wp-content\/uploads\/2021\/12\/2021_48.Woche1_.Dezember_Bezirksbla\u0308tterTriestingtalTitelblattKLEIN-1-768x827.jpg 768w, http:\/\/www.baszolich.com\/wp-content\/uploads\/2021\/12\/2021_48.Woche1_.Dezember_Bezirksbla\u0308tterTriestingtalTitelblattKLEIN-1-139x150.jpg 139w, http:\/\/www.baszolich.com\/wp-content\/uploads\/2021\/12\/2021_48.Woche1_.Dezember_Bezirksbla\u0308tterTriestingtalTitelblattKLEIN-1.jpg 987w\" sizes=\"(max-width: 951px) 100vw, 951px\" \/><\/figure><\/li><\/ul><\/figure>\n\n\n\n<p><\/p>\n\n\n\n<figure class=\"wp-block-image size-large\"><img loading=\"lazy\" width=\"1024\" height=\"730\" src=\"http:\/\/www.baszolich.com\/wp-content\/uploads\/2021\/12\/2021_48.Woche1_.Dezember_Bezirksbla\u0308tterTriestingtalSeite54KLEIN-2-1024x730.jpg\" alt=\"\" class=\"wp-image-1139\" srcset=\"http:\/\/www.baszolich.com\/wp-content\/uploads\/2021\/12\/2021_48.Woche1_.Dezember_Bezirksbla\u0308tterTriestingtalSeite54KLEIN-2-1024x730.jpg 1024w, http:\/\/www.baszolich.com\/wp-content\/uploads\/2021\/12\/2021_48.Woche1_.Dezember_Bezirksbla\u0308tterTriestingtalSeite54KLEIN-2-300x214.jpg 300w, http:\/\/www.baszolich.com\/wp-content\/uploads\/2021\/12\/2021_48.Woche1_.Dezember_Bezirksbla\u0308tterTriestingtalSeite54KLEIN-2-768x548.jpg 768w, http:\/\/www.baszolich.com\/wp-content\/uploads\/2021\/12\/2021_48.Woche1_.Dezember_Bezirksbla\u0308tterTriestingtalSeite54KLEIN-2-210x150.jpg 210w, http:\/\/www.baszolich.com\/wp-content\/uploads\/2021\/12\/2021_48.Woche1_.Dezember_Bezirksbla\u0308tterTriestingtalSeite54KLEIN-2-150x107.jpg 150w, http:\/\/www.baszolich.com\/wp-content\/uploads\/2021\/12\/2021_48.Woche1_.Dezember_Bezirksbla\u0308tterTriestingtalSeite54KLEIN-2.jpg 1181w\" sizes=\"(max-width: 1024px) 100vw, 1024px\" \/><\/figure>\n\n\n\n<p><\/p>\n\n\n\n<p><\/p>\n\n\n\n<p><\/p>\n\n\n\n<p><\/p>\n\n\n\n<p>______________________________________________________________________________<\/p>\n\n\n\n<p><\/p>\n\n\n\n<p><strong>AUSSTELLUNG BASZOLICH UND EDER, REALISTISCHE BILDERWELTEN<\/strong><\/p>\n\n\n\n<p><strong>BLAUGELBE VIERTELS GALERIE, SCHLOSS BAD FISCHAU<\/strong><\/p>\n\n\n\n<p>Wiener Neust\u00e4dter Strasse 3, 2721 Bad Fischau-Brunn<\/p>\n\n\n\n<p>5. bis 22. November 2020<\/p>\n\n\n\n<p><strong><em>_CORONA BEDINGT VERSCHOBEN AUF NOVEMBER 20<\/em><\/strong><em>21<\/em>_<\/p>\n\n\n\n<p><\/p>\n\n\n\n<figure class=\"wp-block-image size-large\"><img loading=\"lazy\" width=\"750\" height=\"1024\" src=\"http:\/\/www.baszolich.com\/wp-content\/uploads\/2021\/12\/EinladungBadFischauSchlossklein-750x1024.jpg\" alt=\"\" class=\"wp-image-1132\" srcset=\"http:\/\/www.baszolich.com\/wp-content\/uploads\/2021\/12\/EinladungBadFischauSchlossklein-750x1024.jpg 750w, http:\/\/www.baszolich.com\/wp-content\/uploads\/2021\/12\/EinladungBadFischauSchlossklein-220x300.jpg 220w, http:\/\/www.baszolich.com\/wp-content\/uploads\/2021\/12\/EinladungBadFischauSchlossklein-768x1049.jpg 768w, http:\/\/www.baszolich.com\/wp-content\/uploads\/2021\/12\/EinladungBadFischauSchlossklein-1125x1536.jpg 1125w, http:\/\/www.baszolich.com\/wp-content\/uploads\/2021\/12\/EinladungBadFischauSchlossklein-110x150.jpg 110w, http:\/\/www.baszolich.com\/wp-content\/uploads\/2021\/12\/EinladungBadFischauSchlossklein.jpg 1200w\" sizes=\"(max-width: 750px) 100vw, 750px\" \/><\/figure>\n\n\n\n<p><\/p>\n\n\n\n<p>____________________________________________________________________________<\/p>\n\n\n\n<p><\/p>\n\n\n\n<p><\/p>\n\n\n\n<p><\/p>\n\n\n\n<p><\/p>\n\n\n\n<p><\/p>\n\n\n\n<p><strong>N\u00d6N Neunkirchen, 15.September 2021<\/strong><\/p>\n\n\n\n<p><\/p>\n\n\n\n<figure class=\"wp-block-image size-large\"><img loading=\"lazy\" width=\"547\" height=\"1024\" src=\"http:\/\/www.baszolich.com\/wp-content\/uploads\/2021\/09\/2021_NO\u0308N-Neunkirchen-37.Woche_-2-547x1024.jpg\" alt=\"\" class=\"wp-image-1104\" srcset=\"http:\/\/www.baszolich.com\/wp-content\/uploads\/2021\/09\/2021_NO\u0308N-Neunkirchen-37.Woche_-2-547x1024.jpg 547w, http:\/\/www.baszolich.com\/wp-content\/uploads\/2021\/09\/2021_NO\u0308N-Neunkirchen-37.Woche_-2-160x300.jpg 160w, http:\/\/www.baszolich.com\/wp-content\/uploads\/2021\/09\/2021_NO\u0308N-Neunkirchen-37.Woche_-2-80x150.jpg 80w, http:\/\/www.baszolich.com\/wp-content\/uploads\/2021\/09\/2021_NO\u0308N-Neunkirchen-37.Woche_-2.jpg 720w\" sizes=\"(max-width: 547px) 100vw, 547px\" \/><figcaption><strong>Bericht N\u00d6N Neunkirchen September 2021<\/strong><\/figcaption><\/figure>\n\n\n\n<p>___________________________________________________________________________<\/p>\n\n\n\n<p><\/p>\n\n\n\n<figure class=\"wp-block-image\"><img loading=\"lazy\" width=\"842\" height=\"596\" src=\"http:\/\/www.baszolich.com\/wp-content\/uploads\/2019\/09\/T.d.o.Ateliers2020-1.jpg\" alt=\"\" class=\"wp-image-1052\" srcset=\"http:\/\/www.baszolich.com\/wp-content\/uploads\/2019\/09\/T.d.o.Ateliers2020-1.jpg 842w, http:\/\/www.baszolich.com\/wp-content\/uploads\/2019\/09\/T.d.o.Ateliers2020-1-300x212.jpg 300w, http:\/\/www.baszolich.com\/wp-content\/uploads\/2019\/09\/T.d.o.Ateliers2020-1-768x544.jpg 768w, http:\/\/www.baszolich.com\/wp-content\/uploads\/2019\/09\/T.d.o.Ateliers2020-1-212x150.jpg 212w, http:\/\/www.baszolich.com\/wp-content\/uploads\/2019\/09\/T.d.o.Ateliers2020-1-150x106.jpg 150w\" sizes=\"(max-width: 842px) 100vw, 842px\" \/><figcaption>Beteiligung bei den Tagen der offenen Ateliers des Landes Nieder\u00f6sterreich im Jahre 2020<\/figcaption><\/figure>\n\n\n\n<p><\/p>\n\n\n\n<p>&#8212;&#8212;&#8212;&#8212;&#8212;&#8212;&#8212;&#8212;&#8212;&#8212;&#8212;&#8212;&#8212;&#8212;&#8212;&#8212;&#8212;&#8212;&#8212;&#8212;&#8212;&#8212;&#8212;&#8212;&#8212;&#8212;&#8212;&#8212;&#8212;&#8212;&#8212;&#8212;&#8212;&#8212;&#8212;&#8212;&#8212;<\/p>\n\n\n\n<p class=\"has-text-align-left\"><strong>WIENER NEUST\u00c4DTER K\u00dcNSTLERVEREINIGUNG<\/strong><\/p>\n\n\n\n<h2>STEINFELD<\/h2>\n\n\n\n<p class=\"has-text-align-left\">AUSSELLUNGSBR\u00dcCKE IM LANDHAUS SANKT P\u00d6LTEN<\/p>\n\n\n\n<p class=\"has-text-align-left\">Vernissage 4. September 2019, 19.30 Uhr<\/p>\n\n\n\n<p><\/p>\n\n\n<h2>&nbsp;<\/h2>\n<h2>AUSSTELLUNGEN 2018<\/h2>\n<h2>&#8212;&#8212;&#8212;&#8212;&#8212;&#8212;&#8212;&#8212;&#8212;&#8212;&#8212;&#8212;&#8212;&#8212;&#8212;&#8212;&#8212;&#8212;&#8212;&#8212;&#8212;&#8212;&#8212;&#8212;-<\/h2>\n<h2>Stadtgalerie im alten Herrenhaus Ternitz<\/h2>\n<h2>Vernissage 21.11. 2018 19.00 Uhr<\/h2>\n<h2>Ausstellung bis 9.12.2018<\/h2>\n<p>F.Dinhoblstrasse 2,&nbsp; A &#8211;&nbsp; 2630 Ternitz<\/p>\n<h2><a href=\"http:\/\/www.baszolich.com\/?attachment_id=941\" rel=\"attachment wp-att-941\"><img loading=\"lazy\" class=\"aligncenter size-full wp-image-941\" src=\"http:\/\/www.baszolich.com\/wp-content\/uploads\/2019\/01\/Ero\u0308ffnung_StadtgalerieTernitz_18.jpg\" alt=\"\" width=\"1181\" height=\"788\" srcset=\"http:\/\/www.baszolich.com\/wp-content\/uploads\/2019\/01\/Ero\u0308ffnung_StadtgalerieTernitz_18.jpg 1181w, http:\/\/www.baszolich.com\/wp-content\/uploads\/2019\/01\/Ero\u0308ffnung_StadtgalerieTernitz_18-300x200.jpg 300w, http:\/\/www.baszolich.com\/wp-content\/uploads\/2019\/01\/Ero\u0308ffnung_StadtgalerieTernitz_18-768x512.jpg 768w, http:\/\/www.baszolich.com\/wp-content\/uploads\/2019\/01\/Ero\u0308ffnung_StadtgalerieTernitz_18-1024x683.jpg 1024w, http:\/\/www.baszolich.com\/wp-content\/uploads\/2019\/01\/Ero\u0308ffnung_StadtgalerieTernitz_18-225x150.jpg 225w, http:\/\/www.baszolich.com\/wp-content\/uploads\/2019\/01\/Ero\u0308ffnung_StadtgalerieTernitz_18-150x100.jpg 150w, http:\/\/www.baszolich.com\/wp-content\/uploads\/2019\/01\/Ero\u0308ffnung_StadtgalerieTernitz_18-120x80.jpg 120w\" sizes=\"(max-width: 1181px) 100vw, 1181px\" \/><\/a><a href=\"http:\/\/www.baszolich.com\/?attachment_id=942\" rel=\"attachment wp-att-942\"><img loading=\"lazy\" class=\"aligncenter size-full wp-image-942\" src=\"http:\/\/www.baszolich.com\/wp-content\/uploads\/2019\/01\/Ero\u0308ffnung_StadtgalerieTernitz_18.2.jpg\" alt=\"\" width=\"1181\" height=\"788\" srcset=\"http:\/\/www.baszolich.com\/wp-content\/uploads\/2019\/01\/Ero\u0308ffnung_StadtgalerieTernitz_18.2.jpg 1181w, http:\/\/www.baszolich.com\/wp-content\/uploads\/2019\/01\/Ero\u0308ffnung_StadtgalerieTernitz_18.2-300x200.jpg 300w, http:\/\/www.baszolich.com\/wp-content\/uploads\/2019\/01\/Ero\u0308ffnung_StadtgalerieTernitz_18.2-768x512.jpg 768w, http:\/\/www.baszolich.com\/wp-content\/uploads\/2019\/01\/Ero\u0308ffnung_StadtgalerieTernitz_18.2-1024x683.jpg 1024w, http:\/\/www.baszolich.com\/wp-content\/uploads\/2019\/01\/Ero\u0308ffnung_StadtgalerieTernitz_18.2-225x150.jpg 225w, http:\/\/www.baszolich.com\/wp-content\/uploads\/2019\/01\/Ero\u0308ffnung_StadtgalerieTernitz_18.2-150x100.jpg 150w, http:\/\/www.baszolich.com\/wp-content\/uploads\/2019\/01\/Ero\u0308ffnung_StadtgalerieTernitz_18.2-120x80.jpg 120w\" sizes=\"(max-width: 1181px) 100vw, 1181px\" \/><\/a><\/h2>\n<p>Er\u00f6ffnung der Ausstellung am 21. 11. 2018 mit, von links nach rechts Kultustadtrat Komm.Rat Peter Spicker, Galerist Gerhard Hainfellner, Romy Eder und Chouli Baszolich, Prof. Mag.art Manfred Pfeiffer, Obmann Wr. Neust\u00e4dter K\u00fcnstlervereinigung, LA. Abgeordneter Hermann Hauer, LA. Abgeordneter J\u00fcrgen Handler, Rupert Dworak, B\u00fcrgermeister der Stadt Ternitz<\/p>\n<p>______________________________________________________________________________<\/p>\n<h2>Verleihung des silbernen Ehrenzeichens f\u00fcr Verdienste um das Bundesland Nieder\u00f6sterreich (f\u00fcr Kunst und Kultur)<\/h2>\n<p><a href=\"http:\/\/www.baszolich.com\/?attachment_id=890\" rel=\"attachment wp-att-890\"><img loading=\"lazy\" class=\"aligncenter size-full wp-image-890\" src=\"http:\/\/www.baszolich.com\/wp-content\/uploads\/2018\/07\/ChouliU\u0308berreichung.jpg\" alt=\"\" width=\"945\" height=\"671\" srcset=\"http:\/\/www.baszolich.com\/wp-content\/uploads\/2018\/07\/ChouliU\u0308berreichung.jpg 945w, http:\/\/www.baszolich.com\/wp-content\/uploads\/2018\/07\/ChouliU\u0308berreichung-300x213.jpg 300w, http:\/\/www.baszolich.com\/wp-content\/uploads\/2018\/07\/ChouliU\u0308berreichung-768x545.jpg 768w, http:\/\/www.baszolich.com\/wp-content\/uploads\/2018\/07\/ChouliU\u0308berreichung-211x150.jpg 211w, http:\/\/www.baszolich.com\/wp-content\/uploads\/2018\/07\/ChouliU\u0308berreichung-150x107.jpg 150w\" sizes=\"(max-width: 945px) 100vw, 945px\" \/>COPYRIGHT: NLK Pfeiffer\/Reinberger<\/a><\/p>\n<p>Verleihung des silbernen Ehrenzeichens durch Frau Landeshauptfrau von Nieder\u00f6sterreich Mag. Johanna Mikl-Leitner<\/p>\n<p><a href=\"http:\/\/www.baszolich.com\/?attachment_id=891\" rel=\"attachment wp-att-891\"><img loading=\"lazy\" class=\"aligncenter size-full wp-image-891\" src=\"http:\/\/www.baszolich.com\/wp-content\/uploads\/2018\/07\/U\u0308berreichungDanach.jpg\" alt=\"\" width=\"945\" height=\"631\" srcset=\"http:\/\/www.baszolich.com\/wp-content\/uploads\/2018\/07\/U\u0308berreichungDanach.jpg 945w, http:\/\/www.baszolich.com\/wp-content\/uploads\/2018\/07\/U\u0308berreichungDanach-300x200.jpg 300w, http:\/\/www.baszolich.com\/wp-content\/uploads\/2018\/07\/U\u0308berreichungDanach-768x513.jpg 768w, http:\/\/www.baszolich.com\/wp-content\/uploads\/2018\/07\/U\u0308berreichungDanach-225x150.jpg 225w, http:\/\/www.baszolich.com\/wp-content\/uploads\/2018\/07\/U\u0308berreichungDanach-150x100.jpg 150w, http:\/\/www.baszolich.com\/wp-content\/uploads\/2018\/07\/U\u0308berreichungDanach-120x80.jpg 120w\" sizes=\"(max-width: 945px) 100vw, 945px\" \/>COPYRIGHT: NLK Pfeiffer\/Reinberger<\/a><\/p>\n<p>von links nach rechts:<\/p>\n<p>Fizebgm. von Ternitz, Mag. Christian Samwald, LA. Bgm. von Altenmarkt Josef Balber, Landeshauptfrau von Nieder\u00f6sterreich, Mag. Johanna Mikl-Leitner, Mag.art Herbert Chouli Baszolich, Rosemarie Eder, Bezirkshauptfrau von Baden bei Wien,&nbsp; Mag. Verena Sonnleitner, Bgm. von Hirtenberg, Karl Brandtner, Bgm. von Hirtenberg im Ruhestand Gisela Strobl.<\/p>\n<p>______________________________________________________________________________<\/p>\n<h2>&nbsp;<\/h2>\n<h2>Galerie der Evangelischen Kirche Wiener Neustadt<\/h2>\n<h2>Vernissage 26. 4 2018, 19.00 Uhr<\/h2>\n<p>Ferdinand Porsche Ring 4,&nbsp; &nbsp;A &#8211; 2700 Wiener Neustadt<\/p>\n<p><a href=\"http:\/\/www.baszolich.com\/?attachment_id=896\" rel=\"attachment wp-att-896\">Er\u00f6ffnung<img loading=\"lazy\" class=\"aligncenter size-full wp-image-896\" src=\"http:\/\/www.baszolich.com\/wp-content\/uploads\/2018\/07\/Ero\u0308ffnung.jpg\" alt=\"\" width=\"945\" height=\"709\" srcset=\"http:\/\/www.baszolich.com\/wp-content\/uploads\/2018\/07\/Ero\u0308ffnung.jpg 945w, http:\/\/www.baszolich.com\/wp-content\/uploads\/2018\/07\/Ero\u0308ffnung-300x225.jpg 300w, http:\/\/www.baszolich.com\/wp-content\/uploads\/2018\/07\/Ero\u0308ffnung-768x576.jpg 768w, http:\/\/www.baszolich.com\/wp-content\/uploads\/2018\/07\/Ero\u0308ffnung-200x150.jpg 200w, http:\/\/www.baszolich.com\/wp-content\/uploads\/2018\/07\/Ero\u0308ffnung-150x113.jpg 150w, http:\/\/www.baszolich.com\/wp-content\/uploads\/2018\/07\/Ero\u0308ffnung-160x120.jpg 160w\" sizes=\"(max-width: 945px) 100vw, 945px\" \/><\/a><\/p>\n<p>Kurator der Evangelischen Kirche Wr.Neustadt, Mag. Manfred Pfeiffer, Leiter von Kunst und Kultur des Landes N\u00d6., Mag. Hermann Dikowitsch, Mag.art Chouli Baszolich, Rosemarie Eder, Kulturstadtrat von Wr. Neustadt, Franz Piribauer, Stadtrat im Ruhestand<\/p>\n<p>&#8212;&#8212;&#8212;&#8212;&#8212;&#8212;&#8212;&#8212;&#8212;&#8212;&#8212;&#8212;&#8212;&#8212;&#8212;&#8212;&#8212;&#8212;&#8212;&#8212;&#8212;&#8212;&#8212;&#8212;&#8212;&#8212;&#8212;&#8212;&#8212;&#8212;&#8212;&#8212;&#8212;&#8212;&#8212;&#8212;&#8212;&#8212;&#8211;<\/p>\n<h1>&nbsp;<a href=\"http:\/\/www.baszolich.com\/?attachment_id=858\" rel=\"attachment wp-att-858\"><img loading=\"lazy\" class=\"aligncenter size-full wp-image-858\" src=\"http:\/\/www.baszolich.com\/wp-content\/uploads\/2014\/07\/EinladungAusstellungsbru\u0308cke.jpg\" alt=\"\" width=\"561\" height=\"382\" srcset=\"http:\/\/www.baszolich.com\/wp-content\/uploads\/2014\/07\/EinladungAusstellungsbru\u0308cke.jpg 561w, http:\/\/www.baszolich.com\/wp-content\/uploads\/2014\/07\/EinladungAusstellungsbru\u0308cke-300x204.jpg 300w, http:\/\/www.baszolich.com\/wp-content\/uploads\/2014\/07\/EinladungAusstellungsbru\u0308cke-220x150.jpg 220w, http:\/\/www.baszolich.com\/wp-content\/uploads\/2014\/07\/EinladungAusstellungsbru\u0308cke-150x102.jpg 150w\" sizes=\"(max-width: 561px) 100vw, 561px\" \/><\/a><\/h1>\n<p><a href=\"http:\/\/www.baszolich.com\/?attachment_id=940\" rel=\"attachment wp-att-940\"><img loading=\"lazy\" class=\"aligncenter size-full wp-image-940\" src=\"http:\/\/www.baszolich.com\/wp-content\/uploads\/2019\/01\/AusstellungAusstellungsbru\u0308ckeSt.Po\u0308lten_2017.jpg\" alt=\"\" width=\"257\" height=\"196\" srcset=\"http:\/\/www.baszolich.com\/wp-content\/uploads\/2019\/01\/AusstellungAusstellungsbru\u0308ckeSt.Po\u0308lten_2017.jpg 257w, http:\/\/www.baszolich.com\/wp-content\/uploads\/2019\/01\/AusstellungAusstellungsbru\u0308ckeSt.Po\u0308lten_2017-197x150.jpg 197w, http:\/\/www.baszolich.com\/wp-content\/uploads\/2019\/01\/AusstellungAusstellungsbru\u0308ckeSt.Po\u0308lten_2017-150x114.jpg 150w\" sizes=\"(max-width: 257px) 100vw, 257px\" \/><\/a><\/p>\n<p>Bei der Er\u00f6ffnung mit Mag. Hermann Dikowitsch ( Leiter der Abteilung Kunst und Kultur, Land Nieder\u00f6sterreich) und Frau Mag. Theresia Pumh\u00f6sl (Leiterin und Kuratorin Ausstellungsbr\u00fccke)<\/p>\n<hr>\n<p>&#8212;&#8212;&#8212;&#8212;&#8212;&#8212;&#8212;&#8212;&#8212;&#8212;&#8212;&#8212;&#8212;&#8212;&#8212;&#8212;&#8212;&#8212;&#8212;&#8212;&#8212;&#8212;&#8212;&#8212;&#8212;&#8212;&#8212;&#8212;&#8212;&#8212;&#8212;&#8212;&#8212;&#8212;&#8212;&#8212;&#8212;&#8212;&#8211;<\/p>\n<p class=\"m_5716459608499244781gmail-m_8919395425734520689m_-3618136268229647997gmail-p1\"><span style=\"color: #3d85c6; font-size: large;\"><b>Herzliche Einladung zu den<\/b><\/span><\/p>\n<p class=\"m_5716459608499244781gmail-m_8919395425734520689m_-3618136268229647997gmail-p1\"><span style=\"color: #3d85c6; font-size: large;\"><b>TAGE DER OFFENEN ATELIERS &nbsp; 2017<\/b><\/span><\/p>\n<p class=\"m_5716459608499244781gmail-m_8919395425734520689m_-3618136268229647997gmail-p1\"><span style=\"color: #3d85c6;\"><span style=\"font-size: large;\"><b>am&nbsp; 14.&nbsp;<\/b><\/span><b>10. von&nbsp;&nbsp; &nbsp; &nbsp; &nbsp; &nbsp; &nbsp; &nbsp; &nbsp; &nbsp; &nbsp; 14 &#8211; 18 Uhr<\/b><\/span><\/p>\n<p class=\"m_5716459608499244781gmail-m_8919395425734520689m_-3618136268229647997gmail-p1\"><span style=\"color: #3d85c6;\"><b>und 15.&nbsp;<\/b><b>10. von&nbsp; &nbsp; &nbsp; &nbsp; &nbsp; &nbsp; &nbsp; &nbsp; &nbsp; &nbsp; &nbsp;14 &#8211; 18 Uhr<\/b><\/span><\/p>\n<p class=\"m_5716459608499244781gmail-m_8919395425734520689m_-3618136268229647997gmail-p1\"><span style=\"color: #3d85c6; font-size: large;\"><b>in der<\/b><\/span><\/p>\n<p class=\"m_5716459608499244781gmail-m_8919395425734520689m_-3618136268229647997gmail-p2\"><span style=\"color: #3d85c6;\"><b>KUNST UND KULTURWERKSTATT<\/b><br><\/span><\/p>\n<p class=\"m_5716459608499244781gmail-m_8919395425734520689m_-3618136268229647997gmail-p1\"><span style=\"color: #3d85c6; font-size: large;\"><b>Alte Gasse 23a<\/b><\/span><\/p>\n<p class=\"m_5716459608499244781gmail-m_8919395425734520689m_-3618136268229647997gmail-p1\"><span style=\"color: #3d85c6; font-size: large;\"><b>2552 Hirtenberg<\/b><\/span><\/p>\n<p class=\"m_5716459608499244781gmail-m_8919395425734520689m_-3618136268229647997gmail-p4\"><span style=\"color: #3d85c6; font-size: large;\"><b>Rosemarie Romy Eder und Mag.art Herbert Chouli Baszolich<\/b><\/span><\/p>\n<p class=\"m_5716459608499244781gmail-m_8919395425734520689m_-3618136268229647997gmail-p4\"><span style=\"color: #3d85c6;\">Malerei und Grafik, Katzenbilder, Radierungen, Kunstkalender 2018, Ciclee Prints, Kunstbilletts<\/span><\/p>\n<p class=\"m_5716459608499244781gmail-p1\"><b><span style=\"color: #3d85c6; font-size: large;\">120 Jahre Baszolich und Eder&nbsp;<\/span><\/b><\/p>\n<p class=\"m_5716459608499244781gmail-p1\"><b><span style=\"color: #3d85c6; font-size: large;\">zum 60. Geburtstag des K\u00fcnstlerehepaares<\/span><\/b><\/p>\n<p class=\"m_5716459608499244781gmail-p2\"><span style=\"color: #cc0000;\"><b>Das Geburtstagsangebot<\/b><br><b><\/b><\/span><\/p>\n<p class=\"m_5716459608499244781gmail-p4\"><span class=\"m_5716459608499244781gmail-s1\"><b><span style=\"color: #cc0000;\">anl\u00e4sslich des sechzigsten Geburtstages<\/span><\/b><\/span><\/p>\n<p class=\"m_5716459608499244781gmail-p5\"><b><span style=\"color: #cc0000; font-size: large;\">Zwei Bilder zum Preis von einem Bild<\/span><\/b><\/p>\n<p>&#8212;&#8212;&#8212;&#8212;&#8212;&#8212;&#8212;&#8212;&#8212;&#8212;&#8212;&#8212;&#8212;&#8212;&#8212;&#8212;&#8212;&#8212;&#8212;&#8212;&#8212;&#8212;&#8212;&#8212;&#8212;&#8212;-<\/p>\n<h2 class=\"gmail-p1\">&nbsp;<\/h2>\n<h2 class=\"gmail-p1\">&nbsp;<\/h2>\n<p><a href=\"http:\/\/www.baszolich.com\/?attachment_id=814\" rel=\"attachment wp-att-814\"><img loading=\"lazy\" class=\"alignnone size-full wp-image-814\" src=\"http:\/\/www.baszolich.com\/wp-content\/uploads\/2014\/07\/AcrylmalkursA5.jpg\" alt=\"\" width=\"1749\" height=\"2481\" srcset=\"http:\/\/www.baszolich.com\/wp-content\/uploads\/2014\/07\/AcrylmalkursA5.jpg 1749w, http:\/\/www.baszolich.com\/wp-content\/uploads\/2014\/07\/AcrylmalkursA5-211x300.jpg 211w, http:\/\/www.baszolich.com\/wp-content\/uploads\/2014\/07\/AcrylmalkursA5-768x1089.jpg 768w, http:\/\/www.baszolich.com\/wp-content\/uploads\/2014\/07\/AcrylmalkursA5-722x1024.jpg 722w, http:\/\/www.baszolich.com\/wp-content\/uploads\/2014\/07\/AcrylmalkursA5-106x150.jpg 106w\" sizes=\"(max-width: 1749px) 100vw, 1749px\" \/><\/a><\/p>\n<h2 class=\"gmail-p1\">&nbsp;<\/h2>\n<h2 class=\"gmail-p1\">&nbsp;<\/h2>\n<h2 class=\"gmail-p1\">&nbsp;<\/h2>\n<h2 class=\"gmail-p1\">&nbsp;<\/h2>\n<h2 class=\"gmail-p1\"><a href=\"http:\/\/www.baszolich.com\/?attachment_id=819\" rel=\"attachment wp-att-819\"><img loading=\"lazy\" class=\"alignnone size-full wp-image-819\" src=\"http:\/\/www.baszolich.com\/wp-content\/uploads\/2014\/07\/O\u0308lmalkursA5-1.jpg\" alt=\"\" width=\"1749\" height=\"2481\" srcset=\"http:\/\/www.baszolich.com\/wp-content\/uploads\/2014\/07\/O\u0308lmalkursA5-1.jpg 1749w, http:\/\/www.baszolich.com\/wp-content\/uploads\/2014\/07\/O\u0308lmalkursA5-1-211x300.jpg 211w, http:\/\/www.baszolich.com\/wp-content\/uploads\/2014\/07\/O\u0308lmalkursA5-1-768x1089.jpg 768w, http:\/\/www.baszolich.com\/wp-content\/uploads\/2014\/07\/O\u0308lmalkursA5-1-722x1024.jpg 722w, http:\/\/www.baszolich.com\/wp-content\/uploads\/2014\/07\/O\u0308lmalkursA5-1-106x150.jpg 106w\" sizes=\"(max-width: 1749px) 100vw, 1749px\" \/><\/a><\/h2>","protected":false},"excerpt":{"rendered":"<p>Bezirksbl\u00e4tter Triestingtal, 1.Dezember 2021 ______________________________________________________________________________ AUSSTELLUNG BASZOLICH UND EDER, REALISTISCHE BILDERWELTEN BLAUGELBE VIERTELS GALERIE, SCHLOSS BAD FISCHAU Wiener Neust\u00e4dter Strasse 3, 2721 Bad Fischau-Brunn 5. bis 22. November 2020 _CORONA BEDINGT VERSCHOBEN AUF NOVEMBER 2021_ ____________________________________________________________________________ N\u00d6N Neunkirchen, 15.September 2021 ___________________________________________________________________________ &#8212;&#8212;&#8212;&#8212;&#8212;&#8212;&#8212;&#8212;&#8212;&#8212;&#8212;&#8212;&#8212;&#8212;&#8212;&#8212;&#8212;&#8212;&#8212;&#8212;&#8212;&#8212;&#8212;&#8212;&#8212;&#8212;&#8212;&#8212;&#8212;&#8212;&#8212;&#8212;&#8212;&#8212;&#8212;&#8212;&#8212; WIENER NEUST\u00c4DTER K\u00dcNSTLERVEREINIGUNG STEINFELD AUSSELLUNGSBR\u00dcCKE IM LANDHAUS SANKT \u2026<\/p>\n<p> <a class=\"continue-reading-link\" href=\"http:\/\/www.baszolich.com\/?page_id=101\">mehr lesen<i class=\"icon-right-dir\"><\/i><\/a><\/p>\n","protected":false},"author":1,"featured_media":0,"parent":0,"menu_order":0,"comment_status":"closed","ping_status":"closed","template":"","meta":[],"_links":{"self":[{"href":"http:\/\/www.baszolich.com\/index.php?rest_route=\/wp\/v2\/pages\/101"}],"collection":[{"href":"http:\/\/www.baszolich.com\/index.php?rest_route=\/wp\/v2\/pages"}],"about":[{"href":"http:\/\/www.baszolich.com\/index.php?rest_route=\/wp\/v2\/types\/page"}],"author":[{"embeddable":true,"href":"http:\/\/www.baszolich.com\/index.php?rest_route=\/wp\/v2\/users\/1"}],"replies":[{"embeddable":true,"href":"http:\/\/www.baszolich.com\/index.php?rest_route=%2Fwp%2Fv2%2Fcomments&post=101"}],"version-history":[{"count":132,"href":"http:\/\/www.baszolich.com\/index.php?rest_route=\/wp\/v2\/pages\/101\/revisions"}],"predecessor-version":[{"id":1143,"href":"http:\/\/www.baszolich.com\/index.php?rest_route=\/wp\/v2\/pages\/101\/revisions\/1143"}],"wp:attachment":[{"href":"http:\/\/www.baszolich.com\/index.php?rest_route=%2Fwp%2Fv2%2Fmedia&parent=101"}],"curies":[{"name":"wp","href":"https:\/\/api.w.org\/{rel}","templated":true}]}}