{"id":144,"date":"2014-07-31T11:06:51","date_gmt":"2014-07-31T09:06:51","guid":{"rendered":"http:\/\/www.baszolich.com\/wordpress\/?page_id=144"},"modified":"2021-09-17T14:53:28","modified_gmt":"2021-09-17T12:53:28","slug":"digitale-grafiken","status":"publish","type":"page","link":"http:\/\/www.baszolich.com\/?page_id=144","title":{"rendered":"Digitale Grafiken"},"content":{"rendered":"\n<p><\/p>\n\n\n\n<p><\/p>\n\n\n<div id=\"attachment_1096\" style=\"width: 989px\" class=\"wp-caption alignnone\"><a href=\"http:\/\/www.baszolich.com\/?attachment_id=1096\" rel=\"attachment wp-att-1096\"><img aria-describedby=\"caption-attachment-1096\" loading=\"lazy\" class=\"wp-image-1096 size-full\" src=\"http:\/\/www.baszolich.com\/wp-content\/uploads\/2021\/09\/DerZaubererpart8_DasHomeDesHighlanders60x60_20.jpg\" alt=\"\" width=\"979\" height=\"980\" srcset=\"http:\/\/www.baszolich.com\/wp-content\/uploads\/2021\/09\/DerZaubererpart8_DasHomeDesHighlanders60x60_20.jpg 979w, http:\/\/www.baszolich.com\/wp-content\/uploads\/2021\/09\/DerZaubererpart8_DasHomeDesHighlanders60x60_20-300x300.jpg 300w, http:\/\/www.baszolich.com\/wp-content\/uploads\/2021\/09\/DerZaubererpart8_DasHomeDesHighlanders60x60_20-150x150.jpg 150w, http:\/\/www.baszolich.com\/wp-content\/uploads\/2021\/09\/DerZaubererpart8_DasHomeDesHighlanders60x60_20-768x769.jpg 768w\" sizes=\"(max-width: 979px) 100vw, 979px\" \/><\/a><p id=\"caption-attachment-1096\" class=\"wp-caption-text\">DER ZAUBERER, PART 8 Im Home des Highlanders, Digitale Grafik, 2020, 60 x 60 cm<\/p><\/div>\n<div id=\"attachment_1057\" style=\"width: 1191px\" class=\"wp-caption aligncenter\"><a href=\"http:\/\/www.baszolich.com\/?attachment_id=1057\" rel=\"attachment wp-att-1057\"><img aria-describedby=\"caption-attachment-1057\" loading=\"lazy\" class=\"wp-image-1057 size-full\" src=\"http:\/\/www.baszolich.com\/wp-content\/uploads\/2019\/09\/DerZaubererpart7_ImWasserland60x60_19.jpg\" alt=\"\" width=\"1181\" height=\"1181\" srcset=\"http:\/\/www.baszolich.com\/wp-content\/uploads\/2019\/09\/DerZaubererpart7_ImWasserland60x60_19.jpg 1181w, http:\/\/www.baszolich.com\/wp-content\/uploads\/2019\/09\/DerZaubererpart7_ImWasserland60x60_19-150x150.jpg 150w, http:\/\/www.baszolich.com\/wp-content\/uploads\/2019\/09\/DerZaubererpart7_ImWasserland60x60_19-300x300.jpg 300w, http:\/\/www.baszolich.com\/wp-content\/uploads\/2019\/09\/DerZaubererpart7_ImWasserland60x60_19-768x768.jpg 768w, http:\/\/www.baszolich.com\/wp-content\/uploads\/2019\/09\/DerZaubererpart7_ImWasserland60x60_19-1024x1024.jpg 1024w\" sizes=\"(max-width: 1181px) 100vw, 1181px\" \/><\/a><p id=\"caption-attachment-1057\" class=\"wp-caption-text\">DER ZAUBERER, PART VII, In der Wasserwelt, Digitale Grafik, 2019, 60 x 60 cm<\/p><\/div>\n<div id=\"attachment_1056\" style=\"width: 990px\" class=\"wp-caption aligncenter\"><a href=\"http:\/\/www.baszolich.com\/?attachment_id=1056\" rel=\"attachment wp-att-1056\"><img aria-describedby=\"caption-attachment-1056\" loading=\"lazy\" class=\"wp-image-1056 size-full\" src=\"http:\/\/www.baszolich.com\/wp-content\/uploads\/2019\/09\/DerZaubererpart660x60_18.jpg\" alt=\"\" width=\"980\" height=\"980\" srcset=\"http:\/\/www.baszolich.com\/wp-content\/uploads\/2019\/09\/DerZaubererpart660x60_18.jpg 980w, http:\/\/www.baszolich.com\/wp-content\/uploads\/2019\/09\/DerZaubererpart660x60_18-150x150.jpg 150w, http:\/\/www.baszolich.com\/wp-content\/uploads\/2019\/09\/DerZaubererpart660x60_18-300x300.jpg 300w, http:\/\/www.baszolich.com\/wp-content\/uploads\/2019\/09\/DerZaubererpart660x60_18-768x768.jpg 768w\" sizes=\"(max-width: 980px) 100vw, 980px\" \/><\/a><p id=\"caption-attachment-1056\" class=\"wp-caption-text\">DER ZAUBERER, PART VI, Sch\u00f6ne neue Welt!? Digitale Grafik, 2018, 60 x 60 cm<\/p><\/div>\n\n\t\t<style type=\"text\/css\">\n\t\t\t#gallery-1 {\n\t\t\t\tmargin: auto;\n\t\t\t}\n\t\t\t#gallery-1 .gallery-item {\n\t\t\t\tfloat: left;\n\t\t\t\tmargin-top: 10px;\n\t\t\t\ttext-align: center;\n\t\t\t\twidth: 20%;\n\t\t\t}\n\t\t\t#gallery-1 img {\n\t\t\t\tborder: 2px solid #cfcfcf;\n\t\t\t}\n\t\t\t#gallery-1 .gallery-caption {\n\t\t\t\tmargin-left: 0;\n\t\t\t}\n\t\t\t\/* see gallery_shortcode() in wp-includes\/media.php *\/\n\t\t<\/style>\n\t\t<div id='gallery-1' class='gallery galleryid-144 gallery-columns-5 gallery-size-thumbnail'><dl class='gallery-item'>\n\t\t\t<dt class='gallery-icon landscape'>\n\t\t\t\t<a href='http:\/\/www.baszolich.com\/?attachment_id=367'><img width=\"150\" height=\"150\" src=\"http:\/\/www.baszolich.com\/wp-content\/uploads\/2014\/07\/TulpenvorLandschaft-150x150.jpg\" class=\"attachment-thumbnail size-thumbnail\" alt=\"\" loading=\"lazy\" aria-describedby=\"gallery-1-367\" srcset=\"http:\/\/www.baszolich.com\/wp-content\/uploads\/2014\/07\/TulpenvorLandschaft-150x150.jpg 150w, http:\/\/www.baszolich.com\/wp-content\/uploads\/2014\/07\/TulpenvorLandschaft-300x297.jpg 300w, http:\/\/www.baszolich.com\/wp-content\/uploads\/2014\/07\/TulpenvorLandschaft-151x150.jpg 151w, http:\/\/www.baszolich.com\/wp-content\/uploads\/2014\/07\/TulpenvorLandschaft.jpg 1000w\" sizes=\"(max-width: 150px) 100vw, 150px\" \/><\/a>\n\t\t\t<\/dt>\n\t\t\t\t<dd class='wp-caption-text gallery-caption' id='gallery-1-367'>\n\t\t\t\tTULPEN VOR LANDSCHAFT, 26x26cm, 2004, auf Digitaldruckb\u00fctten 220g\n\t\t\t\t<\/dd><\/dl><dl class='gallery-item'>\n\t\t\t<dt class='gallery-icon landscape'>\n\t\t\t\t<a href='http:\/\/www.baszolich.com\/?attachment_id=366'><img width=\"150\" height=\"150\" src=\"http:\/\/www.baszolich.com\/wp-content\/uploads\/2014\/07\/TranszendaleKatze-150x150.jpg\" class=\"attachment-thumbnail size-thumbnail\" alt=\"\" loading=\"lazy\" aria-describedby=\"gallery-1-366\" srcset=\"http:\/\/www.baszolich.com\/wp-content\/uploads\/2014\/07\/TranszendaleKatze-150x150.jpg 150w, http:\/\/www.baszolich.com\/wp-content\/uploads\/2014\/07\/TranszendaleKatze-300x300.jpg 300w, http:\/\/www.baszolich.com\/wp-content\/uploads\/2014\/07\/TranszendaleKatze.jpg 1000w\" sizes=\"(max-width: 150px) 100vw, 150px\" \/><\/a>\n\t\t\t<\/dt>\n\t\t\t\t<dd class='wp-caption-text gallery-caption' id='gallery-1-366'>\n\t\t\t\tTRANSDENTALE KATZE, 30x30cm, 2006, auf Digitaldruckb\u00fctten 220g\n\t\t\t\t<\/dd><\/dl><dl class='gallery-item'>\n\t\t\t<dt class='gallery-icon portrait'>\n\t\t\t\t<a href='http:\/\/www.baszolich.com\/?attachment_id=364'><img width=\"150\" height=\"150\" src=\"http:\/\/www.baszolich.com\/wp-content\/uploads\/2014\/07\/Sphinx-150x150.jpg\" class=\"attachment-thumbnail size-thumbnail\" alt=\"\" loading=\"lazy\" aria-describedby=\"gallery-1-364\" \/><\/a>\n\t\t\t<\/dt>\n\t\t\t\t<dd class='wp-caption-text gallery-caption' id='gallery-1-364'>\n\t\t\t\tDIE ZWEI GRAZIEN, 15x30cm, 2001, auf Digitaldruckb\u00fctten 220g\n\t\t\t\t<\/dd><\/dl><dl class='gallery-item'>\n\t\t\t<dt class='gallery-icon landscape'>\n\t\t\t\t<a href='http:\/\/www.baszolich.com\/?attachment_id=363'><img width=\"150\" height=\"150\" src=\"http:\/\/www.baszolich.com\/wp-content\/uploads\/2014\/07\/Langhaarkatze-00--150x150.jpg\" class=\"attachment-thumbnail size-thumbnail\" alt=\"\" loading=\"lazy\" aria-describedby=\"gallery-1-363\" srcset=\"http:\/\/www.baszolich.com\/wp-content\/uploads\/2014\/07\/Langhaarkatze-00--150x150.jpg 150w, http:\/\/www.baszolich.com\/wp-content\/uploads\/2014\/07\/Langhaarkatze-00--300x300.jpg 300w, http:\/\/www.baszolich.com\/wp-content\/uploads\/2014\/07\/Langhaarkatze-00-.jpg 1000w\" sizes=\"(max-width: 150px) 100vw, 150px\" \/><\/a>\n\t\t\t<\/dt>\n\t\t\t\t<dd class='wp-caption-text gallery-caption' id='gallery-1-363'>\n\t\t\t\tLANGHAARKATZE, 20x20cm, 2000, auf Digitaldruckb\u00fctten 220g\n\t\t\t\t<\/dd><\/dl><dl class='gallery-item'>\n\t\t\t<dt class='gallery-icon portrait'>\n\t\t\t\t<a href='http:\/\/www.baszolich.com\/?attachment_id=362'><img width=\"150\" height=\"150\" src=\"http:\/\/www.baszolich.com\/wp-content\/uploads\/2014\/07\/KatzeSusi-150x150.jpg\" class=\"attachment-thumbnail size-thumbnail\" alt=\"\" loading=\"lazy\" aria-describedby=\"gallery-1-362\" \/><\/a>\n\t\t\t<\/dt>\n\t\t\t\t<dd class='wp-caption-text gallery-caption' id='gallery-1-362'>\n\t\t\t\tKATZE SUSI, 30x60cm, 2006, auf Digitaldruckb\u00fctten 220g\n\t\t\t\t<\/dd><\/dl><br style=\"clear: both\" \/><dl class='gallery-item'>\n\t\t\t<dt class='gallery-icon landscape'>\n\t\t\t\t<a href='http:\/\/www.baszolich.com\/?attachment_id=361'><img width=\"150\" height=\"150\" src=\"http:\/\/www.baszolich.com\/wp-content\/uploads\/2014\/07\/Kater-GothicLanghaar-02--150x150.jpg\" class=\"attachment-thumbnail size-thumbnail\" alt=\"\" loading=\"lazy\" aria-describedby=\"gallery-1-361\" \/><\/a>\n\t\t\t<\/dt>\n\t\t\t\t<dd class='wp-caption-text gallery-caption' id='gallery-1-361'>\n\t\t\t\tKATER GOTHIC, 20x20cm, 2002, auf Digitaldruckb\u00fctten 220g\n\t\t\t\t<\/dd><\/dl><dl class='gallery-item'>\n\t\t\t<dt class='gallery-icon landscape'>\n\t\t\t\t<a href='http:\/\/www.baszolich.com\/?attachment_id=360'><img width=\"150\" height=\"150\" src=\"http:\/\/www.baszolich.com\/wp-content\/uploads\/2014\/07\/ImJahrDerKatze.II_.09.26x26-150x150.jpg\" class=\"attachment-thumbnail size-thumbnail\" alt=\"\" loading=\"lazy\" aria-describedby=\"gallery-1-360\" srcset=\"http:\/\/www.baszolich.com\/wp-content\/uploads\/2014\/07\/ImJahrDerKatze.II_.09.26x26-150x150.jpg 150w, http:\/\/www.baszolich.com\/wp-content\/uploads\/2014\/07\/ImJahrDerKatze.II_.09.26x26-300x300.jpg 300w, http:\/\/www.baszolich.com\/wp-content\/uploads\/2014\/07\/ImJahrDerKatze.II_.09.26x26-1024x1024.jpg 1024w, http:\/\/www.baszolich.com\/wp-content\/uploads\/2014\/07\/ImJahrDerKatze.II_.09.26x26.jpg 1181w\" sizes=\"(max-width: 150px) 100vw, 150px\" \/><\/a>\n\t\t\t<\/dt>\n\t\t\t\t<dd class='wp-caption-text gallery-caption' id='gallery-1-360'>\n\t\t\t\tM JAHR DER KATZE II, 26x26cm, 2009, auf Digitaldruckb\u00fctten 220g\n\t\t\t\t<\/dd><\/dl><dl class='gallery-item'>\n\t\t\t<dt class='gallery-icon landscape'>\n\t\t\t\t<a href='http:\/\/www.baszolich.com\/?attachment_id=359'><img width=\"150\" height=\"150\" src=\"http:\/\/www.baszolich.com\/wp-content\/uploads\/2014\/07\/ImJahrDerKatze-I-150x150.jpg\" class=\"attachment-thumbnail size-thumbnail\" alt=\"\" loading=\"lazy\" aria-describedby=\"gallery-1-359\" srcset=\"http:\/\/www.baszolich.com\/wp-content\/uploads\/2014\/07\/ImJahrDerKatze-I-150x150.jpg 150w, http:\/\/www.baszolich.com\/wp-content\/uploads\/2014\/07\/ImJahrDerKatze-I-300x300.jpg 300w, http:\/\/www.baszolich.com\/wp-content\/uploads\/2014\/07\/ImJahrDerKatze-I.jpg 900w\" sizes=\"(max-width: 150px) 100vw, 150px\" \/><\/a>\n\t\t\t<\/dt>\n\t\t\t\t<dd class='wp-caption-text gallery-caption' id='gallery-1-359'>\n\t\t\t\tIM JAHR DER KATZE I, 26x26cm, 2009, auf Digitaldruckb\u00fctten 220g\n\t\t\t\t<\/dd><\/dl><dl class='gallery-item'>\n\t\t\t<dt class='gallery-icon landscape'>\n\t\t\t\t<a href='http:\/\/www.baszolich.com\/?attachment_id=358'><img width=\"150\" height=\"150\" src=\"http:\/\/www.baszolich.com\/wp-content\/uploads\/2014\/07\/Hase-nach-D\u00fcrer-150x150.jpg\" class=\"attachment-thumbnail size-thumbnail\" alt=\"\" loading=\"lazy\" aria-describedby=\"gallery-1-358\" srcset=\"http:\/\/www.baszolich.com\/wp-content\/uploads\/2014\/07\/Hase-nach-D\u00fcrer-150x150.jpg 150w, http:\/\/www.baszolich.com\/wp-content\/uploads\/2014\/07\/Hase-nach-D\u00fcrer-300x300.jpg 300w, http:\/\/www.baszolich.com\/wp-content\/uploads\/2014\/07\/Hase-nach-D\u00fcrer.jpg 1000w\" sizes=\"(max-width: 150px) 100vw, 150px\" \/><\/a>\n\t\t\t<\/dt>\n\t\t\t\t<dd class='wp-caption-text gallery-caption' id='gallery-1-358'>\n\t\t\t\tHASE NACH D\u00dcRER, 30x30cm, 2004, auf Digitaldruckb\u00fctten 220g\n\t\t\t\t<\/dd><\/dl><dl class='gallery-item'>\n\t\t\t<dt class='gallery-icon portrait'>\n\t\t\t\t<a href='http:\/\/www.baszolich.com\/?attachment_id=357'><img width=\"150\" height=\"150\" src=\"http:\/\/www.baszolich.com\/wp-content\/uploads\/2014\/07\/Glockenbl.vorLands-150x150.jpg\" class=\"attachment-thumbnail size-thumbnail\" alt=\"\" loading=\"lazy\" aria-describedby=\"gallery-1-357\" srcset=\"http:\/\/www.baszolich.com\/wp-content\/uploads\/2014\/07\/Glockenbl.vorLands-150x150.jpg 150w, http:\/\/www.baszolich.com\/wp-content\/uploads\/2014\/07\/Glockenbl.vorLands.jpg 991w\" sizes=\"(max-width: 150px) 100vw, 150px\" \/><\/a>\n\t\t\t<\/dt>\n\t\t\t\t<dd class='wp-caption-text gallery-caption' id='gallery-1-357'>\n\t\t\t\tGLOCKENBLUMEN VOR LANDSCHAFT, 28x28cm, 2005, auf Digitaldruckb\u00fctten 220g\n\t\t\t\t<\/dd><\/dl><br style=\"clear: both\" \/><dl class='gallery-item'>\n\t\t\t<dt class='gallery-icon landscape'>\n\t\t\t\t<a href='http:\/\/www.baszolich.com\/?attachment_id=356'><img width=\"150\" height=\"150\" src=\"http:\/\/www.baszolich.com\/wp-content\/uploads\/2014\/07\/Fr\u00fchlingserwachen-150x150.jpg\" class=\"attachment-thumbnail size-thumbnail\" alt=\"\" loading=\"lazy\" aria-describedby=\"gallery-1-356\" \/><\/a>\n\t\t\t<\/dt>\n\t\t\t\t<dd class='wp-caption-text gallery-caption' id='gallery-1-356'>\n\t\t\t\tFR\u00dcHLINGSERWACHEN, Aquarell,Acryltusche, 56x41cm, 2002,\n\t\t\t\t<\/dd><\/dl><dl class='gallery-item'>\n\t\t\t<dt class='gallery-icon landscape'>\n\t\t\t\t<a href='http:\/\/www.baszolich.com\/?attachment_id=355'><img width=\"150\" height=\"150\" src=\"http:\/\/www.baszolich.com\/wp-content\/uploads\/2014\/07\/Fr\u00fchlingsboten-150x150.jpg\" class=\"attachment-thumbnail size-thumbnail\" alt=\"\" loading=\"lazy\" aria-describedby=\"gallery-1-355\" srcset=\"http:\/\/www.baszolich.com\/wp-content\/uploads\/2014\/07\/Fr\u00fchlingsboten-150x150.jpg 150w, http:\/\/www.baszolich.com\/wp-content\/uploads\/2014\/07\/Fr\u00fchlingsboten-300x300.jpg 300w, http:\/\/www.baszolich.com\/wp-content\/uploads\/2014\/07\/Fr\u00fchlingsboten.jpg 1000w\" sizes=\"(max-width: 150px) 100vw, 150px\" \/><\/a>\n\t\t\t<\/dt>\n\t\t\t\t<dd class='wp-caption-text gallery-caption' id='gallery-1-355'>\n\t\t\t\tFR\u00dcHLINGSBOTEN, 26x26cm, 2003, auf Digitaldruckb\u00fctten 220g\n\t\t\t\t<\/dd><\/dl><dl class='gallery-item'>\n\t\t\t<dt class='gallery-icon portrait'>\n\t\t\t\t<a href='http:\/\/www.baszolich.com\/?attachment_id=354'><img width=\"150\" height=\"150\" src=\"http:\/\/www.baszolich.com\/wp-content\/uploads\/2014\/07\/Fr\u00fchling.II_.09-150x150.jpg\" class=\"attachment-thumbnail size-thumbnail\" alt=\"\" loading=\"lazy\" aria-describedby=\"gallery-1-354\" srcset=\"http:\/\/www.baszolich.com\/wp-content\/uploads\/2014\/07\/Fr\u00fchling.II_.09-150x150.jpg 150w, http:\/\/www.baszolich.com\/wp-content\/uploads\/2014\/07\/Fr\u00fchling.II_.09-300x300.jpg 300w, http:\/\/www.baszolich.com\/wp-content\/uploads\/2014\/07\/Fr\u00fchling.II_.09-149x150.jpg 149w, http:\/\/www.baszolich.com\/wp-content\/uploads\/2014\/07\/Fr\u00fchling.II_.09.jpg 1000w\" sizes=\"(max-width: 150px) 100vw, 150px\" \/><\/a>\n\t\t\t<\/dt>\n\t\t\t\t<dd class='wp-caption-text gallery-caption' id='gallery-1-354'>\n\t\t\t\tFR\u00dcHLING II, 30x30cm, 2008, auf Digitaldruckb\u00fctten 220g\n\t\t\t\t<\/dd><\/dl><dl class='gallery-item'>\n\t\t\t<dt class='gallery-icon portrait'>\n\t\t\t\t<a href='http:\/\/www.baszolich.com\/?attachment_id=353'><img width=\"150\" height=\"150\" src=\"http:\/\/www.baszolich.com\/wp-content\/uploads\/2014\/07\/Fr\u00fchjahrsputz-150x150.jpg\" class=\"attachment-thumbnail size-thumbnail\" alt=\"\" loading=\"lazy\" aria-describedby=\"gallery-1-353\" \/><\/a>\n\t\t\t<\/dt>\n\t\t\t\t<dd class='wp-caption-text gallery-caption' id='gallery-1-353'>\n\t\t\t\tFR\u00dcHJAHRSPUTZ, 17x42cm, 2005, auf Digitaldruckb\u00fctten 220g\n\t\t\t\t<\/dd><\/dl><dl class='gallery-item'>\n\t\t\t<dt class='gallery-icon portrait'>\n\t\t\t\t<a href='http:\/\/www.baszolich.com\/?attachment_id=349'><img width=\"150\" height=\"150\" src=\"http:\/\/www.baszolich.com\/wp-content\/uploads\/2014\/07\/DerF\u00fcnfzigste-Fr\u00fchling.07.25x54-150x150.jpg\" class=\"attachment-thumbnail size-thumbnail\" alt=\"\" loading=\"lazy\" aria-describedby=\"gallery-1-349\" \/><\/a>\n\t\t\t<\/dt>\n\t\t\t\t<dd class='wp-caption-text gallery-caption' id='gallery-1-349'>\n\t\t\t\tDER F\u00dcNFZIGSTE FR\u00dcHLING, 25x45cm, 2007, auf Digitaldruckb\u00fctten 220g\n\t\t\t\t<\/dd><\/dl><br style=\"clear: both\" \/><dl class='gallery-item'>\n\t\t\t<dt class='gallery-icon landscape'>\n\t\t\t\t<a href='http:\/\/www.baszolich.com\/?attachment_id=352'><img width=\"150\" height=\"150\" src=\"http:\/\/www.baszolich.com\/wp-content\/uploads\/2014\/07\/Feige30x30_07-150x150.jpg\" class=\"attachment-thumbnail size-thumbnail\" alt=\"\" loading=\"lazy\" aria-describedby=\"gallery-1-352\" srcset=\"http:\/\/www.baszolich.com\/wp-content\/uploads\/2014\/07\/Feige30x30_07-150x150.jpg 150w, http:\/\/www.baszolich.com\/wp-content\/uploads\/2014\/07\/Feige30x30_07-300x300.jpg 300w, http:\/\/www.baszolich.com\/wp-content\/uploads\/2014\/07\/Feige30x30_07.jpg 1000w\" sizes=\"(max-width: 150px) 100vw, 150px\" \/><\/a>\n\t\t\t<\/dt>\n\t\t\t\t<dd class='wp-caption-text gallery-caption' id='gallery-1-352'>\n\t\t\t\tISTRIANISCHE FEIGE, 30x30cm, 2007, auf Digitaldruckb\u00fctten 220g\n\t\t\t\t<\/dd><\/dl><dl class='gallery-item'>\n\t\t\t<dt class='gallery-icon portrait'>\n\t\t\t\t<a href='http:\/\/www.baszolich.com\/?attachment_id=350'><img width=\"150\" height=\"150\" src=\"http:\/\/www.baszolich.com\/wp-content\/uploads\/2014\/07\/DerZaubererpart32-150x150.jpg\" class=\"attachment-thumbnail size-thumbnail\" alt=\"\" loading=\"lazy\" aria-describedby=\"gallery-1-350\" \/><\/a>\n\t\t\t<\/dt>\n\t\t\t\t<dd class='wp-caption-text gallery-caption' id='gallery-1-350'>\n\t\t\t\tDER ZAUBERER, PART 3 &#8211; HOKUS POKUS, 30x60cm, 2012, Leinen auf Keilrahmen\n\t\t\t\t<\/dd><\/dl><dl class='gallery-item'>\n\t\t\t<dt class='gallery-icon landscape'>\n\t\t\t\t<a href='http:\/\/www.baszolich.com\/?attachment_id=370'><img width=\"150\" height=\"150\" src=\"http:\/\/www.baszolich.com\/wp-content\/uploads\/2014\/07\/DerZaubererpart4-HokusPokus-II_28x38141-150x150.jpg\" class=\"attachment-thumbnail size-thumbnail\" alt=\"\" loading=\"lazy\" aria-describedby=\"gallery-1-370\" \/><\/a>\n\t\t\t<\/dt>\n\t\t\t\t<dd class='wp-caption-text gallery-caption' id='gallery-1-370'>\n\t\t\t\tDER ZAUBERER, PART 4 &#8211; HOKUS POKUS II,  50x70cm, 2014, Leinen auf Keilrahmen\n\t\t\t\t<\/dd><\/dl><dl class='gallery-item'>\n\t\t\t<dt class='gallery-icon landscape'>\n\t\t\t\t<a href='http:\/\/www.baszolich.com\/?attachment_id=629'><img width=\"150\" height=\"150\" src=\"http:\/\/www.baszolich.com\/wp-content\/uploads\/2014\/07\/DerZaubererpart5_Erinnerung-an-H.P.Lovecraft1-150x150.jpg\" class=\"attachment-thumbnail size-thumbnail\" alt=\"\" loading=\"lazy\" aria-describedby=\"gallery-1-629\" \/><\/a>\n\t\t\t<\/dt>\n\t\t\t\t<dd class='wp-caption-text gallery-caption' id='gallery-1-629'>\n\t\t\t\tDER ZAUBERER, PART 5 &#8211; ERINNERUNG AN H.P.LOVECRAFT, Digitale Grafik,50x70cm, 2015, Leinen auf Keilrahmen\n\t\t\t\t<\/dd><\/dl>\n\t\t\t<br style='clear: both' \/>\n\t\t<\/div>\n\n\n\n<p><\/p>\n","protected":false},"excerpt":{"rendered":"","protected":false},"author":1,"featured_media":0,"parent":0,"menu_order":0,"comment_status":"closed","ping_status":"closed","template":"","meta":[],"_links":{"self":[{"href":"http:\/\/www.baszolich.com\/index.php?rest_route=\/wp\/v2\/pages\/144"}],"collection":[{"href":"http:\/\/www.baszolich.com\/index.php?rest_route=\/wp\/v2\/pages"}],"about":[{"href":"http:\/\/www.baszolich.com\/index.php?rest_route=\/wp\/v2\/types\/page"}],"author":[{"embeddable":true,"href":"http:\/\/www.baszolich.com\/index.php?rest_route=\/wp\/v2\/users\/1"}],"replies":[{"embeddable":true,"href":"http:\/\/www.baszolich.com\/index.php?rest_route=%2Fwp%2Fv2%2Fcomments&post=144"}],"version-history":[{"count":8,"href":"http:\/\/www.baszolich.com\/index.php?rest_route=\/wp\/v2\/pages\/144\/revisions"}],"predecessor-version":[{"id":1101,"href":"http:\/\/www.baszolich.com\/index.php?rest_route=\/wp\/v2\/pages\/144\/revisions\/1101"}],"wp:attachment":[{"href":"http:\/\/www.baszolich.com\/index.php?rest_route=%2Fwp%2Fv2%2Fmedia&parent=144"}],"curies":[{"name":"wp","href":"https:\/\/api.w.org\/{rel}","templated":true}]}}