{"id":238,"date":"2014-08-19T14:07:12","date_gmt":"2014-08-19T12:07:12","guid":{"rendered":"http:\/\/www.baszolich.com\/wordpress\/?page_id=238"},"modified":"2015-02-17T14:59:26","modified_gmt":"2015-02-17T12:59:26","slug":"links","status":"publish","type":"page","link":"http:\/\/www.baszolich.com\/?page_id=238","title":{"rendered":"Links"},"content":{"rendered":"<p>Webseiten Gestaltung von Lukas Linsbichler (lukas.linsbichler@gmx.at)<\/p>\n<p><a href=\"http:\/\/www.schwarzataler-online.at\">Schwarzataler Online<\/a><\/p>\n<p><a href=\"http:\/\/www.tridok.at\/\">Tridok Online<\/a><\/p>\n<p><a href=\"http:\/\/www.xn--nnms-hirtenberg-9sb.at\/\">NMS Hirtenberg<\/a><\/p>\n<p><a href=\"http:\/\/nms-wimu.at\/\">NMS Winzendorf<\/a><\/p>\n<p><a href=\"http:\/\/www.miesenbach.at\/gauermannmuseum\/\">Gauermann Museum<\/a><\/p>\n<p><a href=\"http:\/\/www.kulturvernetzung.at\/\">Kulturvernetzung N\u00d6<\/a><\/p>\n<p><a href=\"http:\/\/www.artothek.at\/\">Artothek<\/a><\/p>\n<p><a href=\"http:\/\/www.wnkv.at\/\">Wiener Neust\u00e4dter K\u00fcnstlervereinigung<\/a><\/p>\n<p><a href=\"http:\/\/www.diedrescher.com\/\">Drescher<\/a><\/p>\n<p><a href=\"http:\/\/www.holzwurm.at\/\">Holzwurm Rahmen<\/a><\/p>\n<p>&nbsp;<\/p>\n","protected":false},"excerpt":{"rendered":"<p>Webseiten Gestaltung von Lukas Linsbichler (lukas.linsbichler@gmx.at) Schwarzataler Online Tridok Online NMS Hirtenberg NMS Winzendorf Gauermann Museum Kulturvernetzung N\u00d6 Artothek Wiener Neust\u00e4dter K\u00fcnstlervereinigung Drescher Holzwurm Rahmen &nbsp;<\/p>\n","protected":false},"author":1,"featured_media":0,"parent":0,"menu_order":0,"comment_status":"closed","ping_status":"closed","template":"","meta":[],"_links":{"self":[{"href":"http:\/\/www.baszolich.com\/index.php?rest_route=\/wp\/v2\/pages\/238"}],"collection":[{"href":"http:\/\/www.baszolich.com\/index.php?rest_route=\/wp\/v2\/pages"}],"about":[{"href":"http:\/\/www.baszolich.com\/index.php?rest_route=\/wp\/v2\/types\/page"}],"author":[{"embeddable":true,"href":"http:\/\/www.baszolich.com\/index.php?rest_route=\/wp\/v2\/users\/1"}],"replies":[{"embeddable":true,"href":"http:\/\/www.baszolich.com\/index.php?rest_route=%2Fwp%2Fv2%2Fcomments&post=238"}],"version-history":[{"count":20,"href":"http:\/\/www.baszolich.com\/index.php?rest_route=\/wp\/v2\/pages\/238\/revisions"}],"predecessor-version":[{"id":551,"href":"http:\/\/www.baszolich.com\/index.php?rest_route=\/wp\/v2\/pages\/238\/revisions\/551"}],"wp:attachment":[{"href":"http:\/\/www.baszolich.com\/index.php?rest_route=%2Fwp%2Fv2%2Fmedia&parent=238"}],"curies":[{"name":"wp","href":"https:\/\/api.w.org\/{rel}","templated":true}]}}