{"id":70,"date":"2014-07-22T21:44:49","date_gmt":"2014-07-22T19:44:49","guid":{"rendered":"http:\/\/www.baszolich.com\/wordpress\/?page_id=70"},"modified":"2015-11-09T21:55:50","modified_gmt":"2015-11-09T19:55:50","slug":"grafiken","status":"publish","type":"page","link":"http:\/\/www.baszolich.com\/?page_id=70","title":{"rendered":"Radierungen"},"content":{"rendered":"\n\t\t<style type=\"text\/css\">\n\t\t\t#gallery-1 {\n\t\t\t\tmargin: auto;\n\t\t\t}\n\t\t\t#gallery-1 .gallery-item {\n\t\t\t\tfloat: left;\n\t\t\t\tmargin-top: 10px;\n\t\t\t\ttext-align: center;\n\t\t\t\twidth: 20%;\n\t\t\t}\n\t\t\t#gallery-1 img {\n\t\t\t\tborder: 2px solid #cfcfcf;\n\t\t\t}\n\t\t\t#gallery-1 .gallery-caption {\n\t\t\t\tmargin-left: 0;\n\t\t\t}\n\t\t\t\/* see gallery_shortcode() in wp-includes\/media.php *\/\n\t\t<\/style>\n\t\t<div id='gallery-1' class='gallery galleryid-70 gallery-columns-5 gallery-size-thumbnail'><dl class='gallery-item'>\n\t\t\t<dt class='gallery-icon landscape'>\n\t\t\t\t<a href='http:\/\/www.baszolich.com\/?attachment_id=337'><img width=\"150\" height=\"150\" src=\"http:\/\/www.baszolich.com\/wp-content\/uploads\/2014\/07\/St.Lorenzen-150x150.jpg\" class=\"attachment-thumbnail size-thumbnail\" alt=\"\" loading=\"lazy\" aria-describedby=\"gallery-1-337\" \/><\/a>\n\t\t\t<\/dt>\n\t\t\t\t<dd class='wp-caption-text gallery-caption' id='gallery-1-337'>\n\t\t\t\tST.LORENZEN AM STEINFELD, Radierung, Handcoloriert, 26x16cm, 1988, Auflage 157 Exemplare\n\t\t\t\t<\/dd><\/dl><dl class='gallery-item'>\n\t\t\t<dt class='gallery-icon portrait'>\n\t\t\t\t<a href='http:\/\/www.baszolich.com\/?attachment_id=336'><img width=\"150\" height=\"150\" src=\"http:\/\/www.baszolich.com\/wp-content\/uploads\/2014\/07\/St.EgydennachdenR\u00f6mern-150x150.jpg\" class=\"attachment-thumbnail size-thumbnail\" alt=\"\" loading=\"lazy\" aria-describedby=\"gallery-1-336\" \/><\/a>\n\t\t\t<\/dt>\n\t\t\t\t<dd class='wp-caption-text gallery-caption' id='gallery-1-336'>\n\t\t\t\tST.EGYDEN NACH DEN R\u00d6MERN, Radierung, Handcoloriert, 20x20cm, 1991, Auflage 57 Exemplare\n\t\t\t\t<\/dd><\/dl><dl class='gallery-item'>\n\t\t\t<dt class='gallery-icon landscape'>\n\t\t\t\t<a href='http:\/\/www.baszolich.com\/?attachment_id=342'><img width=\"150\" height=\"150\" src=\"http:\/\/www.baszolich.com\/wp-content\/uploads\/2014\/07\/Zw.DomundWasserturm-150x150.jpg\" class=\"attachment-thumbnail size-thumbnail\" alt=\"\" loading=\"lazy\" aria-describedby=\"gallery-1-342\" \/><\/a>\n\t\t\t<\/dt>\n\t\t\t\t<dd class='wp-caption-text gallery-caption' id='gallery-1-342'>\n\t\t\t\tZWISCHEN DOM UND WASSERTURM IN WIENER NEUSTADT, Radierung, 22x21cm, 1992, Auflage 19 Exemplare\n\t\t\t\t<\/dd><\/dl><dl class='gallery-item'>\n\t\t\t<dt class='gallery-icon landscape'>\n\t\t\t\t<a href='http:\/\/www.baszolich.com\/?attachment_id=341'><img width=\"150\" height=\"150\" src=\"http:\/\/www.baszolich.com\/wp-content\/uploads\/2014\/07\/Zw.Dom-und-Wasserturmcol-150x150.jpg\" class=\"attachment-thumbnail size-thumbnail\" alt=\"\" loading=\"lazy\" aria-describedby=\"gallery-1-341\" \/><\/a>\n\t\t\t<\/dt>\n\t\t\t\t<dd class='wp-caption-text gallery-caption' id='gallery-1-341'>\n\t\t\t\tZWISCHEN DOM UND WASSERTURM IN WIENER NEUSTADT, Radierung, Handcoloriert, 22x21cm, 1992, Auflage 57 Exemplare\n\t\t\t\t<\/dd><\/dl><dl class='gallery-item'>\n\t\t\t<dt class='gallery-icon portrait'>\n\t\t\t\t<a href='http:\/\/www.baszolich.com\/?attachment_id=340'><img width=\"150\" height=\"150\" src=\"http:\/\/www.baszolich.com\/wp-content\/uploads\/2014\/07\/Wehrkirche-Bad-Sch\u00f6nau-150x150.jpg\" class=\"attachment-thumbnail size-thumbnail\" alt=\"\" loading=\"lazy\" aria-describedby=\"gallery-1-340\" \/><\/a>\n\t\t\t<\/dt>\n\t\t\t\t<dd class='wp-caption-text gallery-caption' id='gallery-1-340'>\n\t\t\t\tWEHRKIRCHE BAD SCH\u00d6NAU IN DER BUCKLIGEN WELT, 2 Farbplattenradierung, Handcoloriert, 14x16cm, 2000, Auflage 43 Exemplare\n\t\t\t\t<\/dd><\/dl><br style=\"clear: both\" \/><dl class='gallery-item'>\n\t\t\t<dt class='gallery-icon landscape'>\n\t\t\t\t<a href='http:\/\/www.baszolich.com\/?attachment_id=338'><img width=\"150\" height=\"150\" src=\"http:\/\/www.baszolich.com\/wp-content\/uploads\/2014\/07\/Wasserwege-I-150x150.jpg\" class=\"attachment-thumbnail size-thumbnail\" alt=\"\" loading=\"lazy\" aria-describedby=\"gallery-1-338\" \/><\/a>\n\t\t\t<\/dt>\n\t\t\t\t<dd class='wp-caption-text gallery-caption' id='gallery-1-338'>\n\t\t\t\tWASSERWEGE I, Radierung, Handcoloriert, 16x14cm, 1993, Auflage 57 Exemplare\n\t\t\t\t<\/dd><\/dl><dl class='gallery-item'>\n\t\t\t<dt class='gallery-icon landscape'>\n\t\t\t\t<a href='http:\/\/www.baszolich.com\/?attachment_id=339'><img width=\"150\" height=\"150\" src=\"http:\/\/www.baszolich.com\/wp-content\/uploads\/2014\/07\/Wasserwege-II-150x150.jpg\" class=\"attachment-thumbnail size-thumbnail\" alt=\"\" loading=\"lazy\" aria-describedby=\"gallery-1-339\" \/><\/a>\n\t\t\t<\/dt>\n\t\t\t\t<dd class='wp-caption-text gallery-caption' id='gallery-1-339'>\n\t\t\t\tWASSERWEGE II, Radierung, Handcoloriert, 16x14cm, 1993, Auflage 57 Exemplare\n\t\t\t\t<\/dd><\/dl><dl class='gallery-item'>\n\t\t\t<dt class='gallery-icon landscape'>\n\t\t\t\t<a href='http:\/\/www.baszolich.com\/?attachment_id=335'><img width=\"150\" height=\"150\" src=\"http:\/\/www.baszolich.com\/wp-content\/uploads\/2014\/07\/SchneebergW\u00e4chtercol-150x150.jpg\" class=\"attachment-thumbnail size-thumbnail\" alt=\"\" loading=\"lazy\" aria-describedby=\"gallery-1-335\" \/><\/a>\n\t\t\t<\/dt>\n\t\t\t\t<dd class='wp-caption-text gallery-caption' id='gallery-1-335'>\n\t\t\t\tSCHNEEBERG, W\u00c4CHTER EINER REGION, Radierung, Handcoloriert, 17x13cm, 1997, Auflage 29 Exemplare\n\t\t\t\t<\/dd><\/dl><dl class='gallery-item'>\n\t\t\t<dt class='gallery-icon portrait'>\n\t\t\t\t<a href='http:\/\/www.baszolich.com\/?attachment_id=312'><img width=\"150\" height=\"150\" src=\"http:\/\/www.baszolich.com\/wp-content\/uploads\/2014\/07\/900.J.P.oderdasWirtshausimSpessart1-150x150.jpg\" class=\"attachment-thumbnail size-thumbnail\" alt=\"\" loading=\"lazy\" aria-describedby=\"gallery-1-312\" \/><\/a>\n\t\t\t<\/dt>\n\t\t\t\t<dd class='wp-caption-text gallery-caption' id='gallery-1-312'>\n\t\t\t\t900.J.P. ODER DAS WIRTSHAUS IM SPESSART, Radierung, 16x17cm, 1994, Auflage 57 Exemplare\n\t\t\t\t<\/dd><\/dl><dl class='gallery-item'>\n\t\t\t<dt class='gallery-icon landscape'>\n\t\t\t\t<a href='http:\/\/www.baszolich.com\/?attachment_id=334'><img width=\"150\" height=\"150\" src=\"http:\/\/www.baszolich.com\/wp-content\/uploads\/2014\/07\/Schlo\u00dfStixenstein-150x150.jpg\" class=\"attachment-thumbnail size-thumbnail\" alt=\"\" loading=\"lazy\" aria-describedby=\"gallery-1-334\" \/><\/a>\n\t\t\t<\/dt>\n\t\t\t\t<dd class='wp-caption-text gallery-caption' id='gallery-1-334'>\n\t\t\t\tSCHLOSS STIXENSTEIN, Radierung, Handcoloriert, 17x13cm, 2000, Auflage 57 Exemplare\n\t\t\t\t<\/dd><\/dl><br style=\"clear: both\" \/><dl class='gallery-item'>\n\t\t\t<dt class='gallery-icon landscape'>\n\t\t\t\t<a href='http:\/\/www.baszolich.com\/?attachment_id=333'><img width=\"150\" height=\"150\" src=\"http:\/\/www.baszolich.com\/wp-content\/uploads\/2014\/07\/Rad.Thermalbad-Bad-V\u00f6slau-150x150.jpg\" class=\"attachment-thumbnail size-thumbnail\" alt=\"\" loading=\"lazy\" aria-describedby=\"gallery-1-333\" \/><\/a>\n\t\t\t<\/dt>\n\t\t\t\t<dd class='wp-caption-text gallery-caption' id='gallery-1-333'>\n\t\t\t\tTHERMALBAD BAD V\u00d6SLAU, Radierung, 17x14cm, 2000, Auflage 43 Exemplare\n\t\t\t\t<\/dd><\/dl><dl class='gallery-item'>\n\t\t\t<dt class='gallery-icon portrait'>\n\t\t\t\t<a href='http:\/\/www.baszolich.com\/?attachment_id=332'><img width=\"150\" height=\"150\" src=\"http:\/\/www.baszolich.com\/wp-content\/uploads\/2014\/07\/Palmenrauschen-150x150.jpg\" class=\"attachment-thumbnail size-thumbnail\" alt=\"\" loading=\"lazy\" aria-describedby=\"gallery-1-332\" \/><\/a>\n\t\t\t<\/dt>\n\t\t\t\t<dd class='wp-caption-text gallery-caption' id='gallery-1-332'>\n\t\t\t\tPALMENRAUSCHEN, Radierung, Handcoloriert, 10x16cm, 1995, Auflage 19 Exemplare\n\t\t\t\t<\/dd><\/dl><dl class='gallery-item'>\n\t\t\t<dt class='gallery-icon portrait'>\n\t\t\t\t<a href='http:\/\/www.baszolich.com\/?attachment_id=413'><img width=\"150\" height=\"150\" src=\"http:\/\/www.baszolich.com\/wp-content\/uploads\/2014\/07\/Vorm-Palmenhaus-1994-col-150x150.jpg\" class=\"attachment-thumbnail size-thumbnail\" alt=\"\" loading=\"lazy\" aria-describedby=\"gallery-1-413\" \/><\/a>\n\t\t\t<\/dt>\n\t\t\t\t<dd class='wp-caption-text gallery-caption' id='gallery-1-413'>\n\t\t\t\tVORM PALMENHAUS IN WIEN, Radierung, Handcoloriert, 16x17cm, 1995, Auflage 38 Exemplare\n\t\t\t\t<\/dd><\/dl><dl class='gallery-item'>\n\t\t\t<dt class='gallery-icon landscape'>\n\t\t\t\t<a href='http:\/\/www.baszolich.com\/?attachment_id=331'><img width=\"150\" height=\"150\" src=\"http:\/\/www.baszolich.com\/wp-content\/uploads\/2014\/07\/NachmKellergasslfest-150x150.jpg\" class=\"attachment-thumbnail size-thumbnail\" alt=\"\" loading=\"lazy\" aria-describedby=\"gallery-1-331\" \/><\/a>\n\t\t\t<\/dt>\n\t\t\t\t<dd class='wp-caption-text gallery-caption' id='gallery-1-331'>\n\t\t\t\tNACH DEM KELLERGASSENFEST UM 6 UHR FR\u00dcH, Radierung, Handcoloriert, 16x14cm, 2001, Auflage 19 Exemplare\n\t\t\t\t<\/dd><\/dl><dl class='gallery-item'>\n\t\t\t<dt class='gallery-icon landscape'>\n\t\t\t\t<a href='http:\/\/www.baszolich.com\/?attachment_id=330'><img width=\"150\" height=\"150\" src=\"http:\/\/www.baszolich.com\/wp-content\/uploads\/2014\/07\/MeidlingerSpazierg\u00e4nge-150x150.jpg\" class=\"attachment-thumbnail size-thumbnail\" alt=\"\" loading=\"lazy\" aria-describedby=\"gallery-1-330\" \/><\/a>\n\t\t\t<\/dt>\n\t\t\t\t<dd class='wp-caption-text gallery-caption' id='gallery-1-330'>\n\t\t\t\tMEIDLINGER SPAZIERG\u00c4NGE, Radierung, Handcoloriert, 15x13cm, 2007, Auflage 25 Exemplare\n\t\t\t\t<\/dd><\/dl><br style=\"clear: both\" \/><dl class='gallery-item'>\n\t\t\t<dt class='gallery-icon landscape'>\n\t\t\t\t<a href='http:\/\/www.baszolich.com\/?attachment_id=329'><img width=\"150\" height=\"150\" src=\"http:\/\/www.baszolich.com\/wp-content\/uploads\/2014\/07\/Jahreszeiten_Winterstimmung-150x150.jpg\" class=\"attachment-thumbnail size-thumbnail\" alt=\"\" loading=\"lazy\" aria-describedby=\"gallery-1-329\" \/><\/a>\n\t\t\t<\/dt>\n\t\t\t\t<dd class='wp-caption-text gallery-caption' id='gallery-1-329'>\n\t\t\t\tJAHRESZEITEN &#8211; WINTERSTIMMUNG-, Radierung, Handcoloriert, 16x12cm, 1999, Auflage 39 Exemplare\n\t\t\t\t<\/dd><\/dl><dl class='gallery-item'>\n\t\t\t<dt class='gallery-icon landscape'>\n\t\t\t\t<a href='http:\/\/www.baszolich.com\/?attachment_id=328'><img width=\"150\" height=\"150\" src=\"http:\/\/www.baszolich.com\/wp-content\/uploads\/2014\/07\/Jahreszeiten_WinterBezirk-150x150.jpg\" class=\"attachment-thumbnail size-thumbnail\" alt=\"\" loading=\"lazy\" aria-describedby=\"gallery-1-328\" \/><\/a>\n\t\t\t<\/dt>\n\t\t\t\t<dd class='wp-caption-text gallery-caption' id='gallery-1-328'>\n\t\t\t\tJAHRESZEITEN &#8211; WINTER IM BEZIRK-, Radierung, Handcoloriert, Monotypie,  17x15cm, 1999, Auflage 39 Exemplare\n\t\t\t\t<\/dd><\/dl><dl class='gallery-item'>\n\t\t\t<dt class='gallery-icon landscape'>\n\t\t\t\t<a href='http:\/\/www.baszolich.com\/?attachment_id=327'><img width=\"150\" height=\"150\" src=\"http:\/\/www.baszolich.com\/wp-content\/uploads\/2014\/07\/Jahreszeiten_Sommerstimmung-150x150.jpg\" class=\"attachment-thumbnail size-thumbnail\" alt=\"\" loading=\"lazy\" aria-describedby=\"gallery-1-327\" \/><\/a>\n\t\t\t<\/dt>\n\t\t\t\t<dd class='wp-caption-text gallery-caption' id='gallery-1-327'>\n\t\t\t\tJAHRESZEITEN &#8211; SOMMERSTIMMUNG-, Radierung, Handcoloriert, 16x12cm, 1997, Auflage 39 Exemplare\n\t\t\t\t<\/dd><\/dl><dl class='gallery-item'>\n\t\t\t<dt class='gallery-icon landscape'>\n\t\t\t\t<a href='http:\/\/www.baszolich.com\/?attachment_id=326'><img width=\"150\" height=\"150\" src=\"http:\/\/www.baszolich.com\/wp-content\/uploads\/2014\/07\/Jahreszeiten_SommerBezirk-150x150.jpg\" class=\"attachment-thumbnail size-thumbnail\" alt=\"\" loading=\"lazy\" aria-describedby=\"gallery-1-326\" \/><\/a>\n\t\t\t<\/dt>\n\t\t\t\t<dd class='wp-caption-text gallery-caption' id='gallery-1-326'>\n\t\t\t\tJAHRESZEITEN &#8211; SOMMER IM BEZIRK-, Radierung, Handcoloriert, Monotypie,  17x15cm, 1997, Auflage 39 Exemplare\n\t\t\t\t<\/dd><\/dl><dl class='gallery-item'>\n\t\t\t<dt class='gallery-icon landscape'>\n\t\t\t\t<a href='http:\/\/www.baszolich.com\/?attachment_id=325'><img width=\"150\" height=\"150\" src=\"http:\/\/www.baszolich.com\/wp-content\/uploads\/2014\/07\/Jahreszeiten_Herbststimmung-150x150.jpg\" class=\"attachment-thumbnail size-thumbnail\" alt=\"\" loading=\"lazy\" aria-describedby=\"gallery-1-325\" \/><\/a>\n\t\t\t<\/dt>\n\t\t\t\t<dd class='wp-caption-text gallery-caption' id='gallery-1-325'>\n\t\t\t\tJAHRESZEITEN &#8211; HERBSTSTIMMUNG-, Radierung, Handcoloriert, 16x12cm, 1998, Auflage 39 Exemplare\n\t\t\t\t<\/dd><\/dl><br style=\"clear: both\" \/><dl class='gallery-item'>\n\t\t\t<dt class='gallery-icon landscape'>\n\t\t\t\t<a href='http:\/\/www.baszolich.com\/?attachment_id=324'><img width=\"150\" height=\"150\" src=\"http:\/\/www.baszolich.com\/wp-content\/uploads\/2014\/07\/Jahreszeiten_HerbstBezirk-150x150.jpg\" class=\"attachment-thumbnail size-thumbnail\" alt=\"\" loading=\"lazy\" aria-describedby=\"gallery-1-324\" \/><\/a>\n\t\t\t<\/dt>\n\t\t\t\t<dd class='wp-caption-text gallery-caption' id='gallery-1-324'>\n\t\t\t\tJAHRESZEITEN &#8211; HERBST IM BEZIRK-, Radierung, Handcoloriert, Monotypie,  17x15cm, 1998, Auflage 39 Exemplare\n\t\t\t\t<\/dd><\/dl><dl class='gallery-item'>\n\t\t\t<dt class='gallery-icon landscape'>\n\t\t\t\t<a href='http:\/\/www.baszolich.com\/?attachment_id=323'><img width=\"150\" height=\"150\" src=\"http:\/\/www.baszolich.com\/wp-content\/uploads\/2014\/07\/Jahreszeiten_Fr\u00fchlingsstimmung-150x150.jpg\" class=\"attachment-thumbnail size-thumbnail\" alt=\"\" loading=\"lazy\" aria-describedby=\"gallery-1-323\" \/><\/a>\n\t\t\t<\/dt>\n\t\t\t\t<dd class='wp-caption-text gallery-caption' id='gallery-1-323'>\n\t\t\t\tJAHRESZEITEN &#8211; FR\u00dcHLINGSSTIMMUNG-, Radierung, Handcoloriert, 16x12cm, 1996, Auflage 39 Exemplare\n\t\t\t\t<\/dd><\/dl><dl class='gallery-item'>\n\t\t\t<dt class='gallery-icon landscape'>\n\t\t\t\t<a href='http:\/\/www.baszolich.com\/?attachment_id=322'><img width=\"150\" height=\"150\" src=\"http:\/\/www.baszolich.com\/wp-content\/uploads\/2014\/07\/Jahreszeiten_Fr\u00fchlingBezirk-150x150.jpg\" class=\"attachment-thumbnail size-thumbnail\" alt=\"\" loading=\"lazy\" aria-describedby=\"gallery-1-322\" \/><\/a>\n\t\t\t<\/dt>\n\t\t\t\t<dd class='wp-caption-text gallery-caption' id='gallery-1-322'>\n\t\t\t\tJAHRESZEITEN &#8211; FR\u00dcHLING IM BEZIRK-, Radierung, Handcoloriert, Monotypie, 17x15cm, 1996, Auflage 39 Exemplare\n\t\t\t\t<\/dd><\/dl><dl class='gallery-item'>\n\t\t\t<dt class='gallery-icon landscape'>\n\t\t\t\t<a href='http:\/\/www.baszolich.com\/?attachment_id=321'><img width=\"150\" height=\"150\" src=\"http:\/\/www.baszolich.com\/wp-content\/uploads\/2014\/07\/Ischiacol1-150x150.jpg\" class=\"attachment-thumbnail size-thumbnail\" alt=\"\" loading=\"lazy\" aria-describedby=\"gallery-1-321\" \/><\/a>\n\t\t\t<\/dt>\n\t\t\t\t<dd class='wp-caption-text gallery-caption' id='gallery-1-321'>\n\t\t\t\tISCHIA, BLICK NACH SAN ANGELO, Stahlstich, Handcoloriert, 15x10cm, 1997, Auflage 39 Exemplare\n\t\t\t\t<\/dd><\/dl><dl class='gallery-item'>\n\t\t\t<dt class='gallery-icon landscape'>\n\t\t\t\t<a href='http:\/\/www.baszolich.com\/?attachment_id=320'><img width=\"150\" height=\"150\" src=\"http:\/\/www.baszolich.com\/wp-content\/uploads\/2014\/07\/Ischia1-150x150.jpg\" class=\"attachment-thumbnail size-thumbnail\" alt=\"\" loading=\"lazy\" aria-describedby=\"gallery-1-320\" \/><\/a>\n\t\t\t<\/dt>\n\t\t\t\t<dd class='wp-caption-text gallery-caption' id='gallery-1-320'>\n\t\t\t\tISCHIA, BLICK NACH SAN ANGELO, Stahlstich,  15x10cm, 1997, Auflage 39 Exemplare\n\t\t\t\t<\/dd><\/dl><br style=\"clear: both\" \/><dl class='gallery-item'>\n\t\t\t<dt class='gallery-icon landscape'>\n\t\t\t\t<a href='http:\/\/www.baszolich.com\/?attachment_id=319'><img width=\"150\" height=\"150\" src=\"http:\/\/www.baszolich.com\/wp-content\/uploads\/2014\/07\/In-der-Altstadt-III1-150x150.jpg\" class=\"attachment-thumbnail size-thumbnail\" alt=\"\" loading=\"lazy\" aria-describedby=\"gallery-1-319\" \/><\/a>\n\t\t\t<\/dt>\n\t\t\t\t<dd class='wp-caption-text gallery-caption' id='gallery-1-319'>\n\t\t\t\tIN DER ALTSTADT III, Radierung, Handcoloriert, 16x14cm, 2004, Auflage 57 Exemplare\n\t\t\t\t<\/dd><\/dl><dl class='gallery-item'>\n\t\t\t<dt class='gallery-icon landscape'>\n\t\t\t\t<a href='http:\/\/www.baszolich.com\/?attachment_id=318'><img width=\"150\" height=\"150\" src=\"http:\/\/www.baszolich.com\/wp-content\/uploads\/2014\/07\/ImThermalbad1-150x150.jpg\" class=\"attachment-thumbnail size-thumbnail\" alt=\"\" loading=\"lazy\" aria-describedby=\"gallery-1-318\" \/><\/a>\n\t\t\t<\/dt>\n\t\t\t\t<dd class='wp-caption-text gallery-caption' id='gallery-1-318'>\n\t\t\t\tIM THERMALBAD, Radierung, Linolschnitt, 16x13cm, 2003, Auflage 19 Exemplare\n\t\t\t\t<\/dd><\/dl><dl class='gallery-item'>\n\t\t\t<dt class='gallery-icon portrait'>\n\t\t\t\t<a href='http:\/\/www.baszolich.com\/?attachment_id=317'><img width=\"150\" height=\"150\" src=\"http:\/\/www.baszolich.com\/wp-content\/uploads\/2014\/07\/Hirtenberg1-150x150.jpg\" class=\"attachment-thumbnail size-thumbnail\" alt=\"\" loading=\"lazy\" aria-describedby=\"gallery-1-317\" \/><\/a>\n\t\t\t<\/dt>\n\t\t\t\t<dd class='wp-caption-text gallery-caption' id='gallery-1-317'>\n\t\t\t\t100 JAHRE HIRTENBERG, Radierung, 16x14cm, 2002, Auflage 100 Exemplare\n\t\t\t\t<\/dd><\/dl><dl class='gallery-item'>\n\t\t\t<dt class='gallery-icon landscape'>\n\t\t\t\t<a href='http:\/\/www.baszolich.com\/?attachment_id=314'><img width=\"150\" height=\"150\" src=\"http:\/\/www.baszolich.com\/wp-content\/uploads\/2014\/07\/CasinoBaden-150x150.jpg\" class=\"attachment-thumbnail size-thumbnail\" alt=\"\" loading=\"lazy\" aria-describedby=\"gallery-1-314\" \/><\/a>\n\t\t\t<\/dt>\n\t\t\t\t<dd class='wp-caption-text gallery-caption' id='gallery-1-314'>\n\t\t\t\tCASINO BADEN BEI WIEN, Radierung, Handcoloriert, 16x9cm, 2001, Auflage 44 Exemplare\n\t\t\t\t<\/dd><\/dl><dl class='gallery-item'>\n\t\t\t<dt class='gallery-icon landscape'>\n\t\t\t\t<a href='http:\/\/www.baszolich.com\/?attachment_id=311'><img width=\"150\" height=\"150\" src=\"http:\/\/www.baszolich.com\/wp-content\/uploads\/2014\/07\/80-Jahre-Gemeinde-Ternitz-1-150x150.jpg\" class=\"attachment-thumbnail size-thumbnail\" alt=\"\" loading=\"lazy\" aria-describedby=\"gallery-1-311\" \/><\/a>\n\t\t\t<\/dt>\n\t\t\t\t<dd class='wp-caption-text gallery-caption' id='gallery-1-311'>\n\t\t\t\t80 JAHRE STADT TERNITZ, Radierungr, 30x12cm, 2003, Auflage 46 Exemplare\n\t\t\t\t<\/dd><\/dl><br style=\"clear: both\" \/><dl class='gallery-item'>\n\t\t\t<dt class='gallery-icon landscape'>\n\t\t\t\t<a href='http:\/\/www.baszolich.com\/?attachment_id=417'><img width=\"150\" height=\"150\" src=\"http:\/\/www.baszolich.com\/wp-content\/uploads\/2014\/07\/Wiener-Rathauscol051-150x150.jpg\" class=\"attachment-thumbnail size-thumbnail\" alt=\"\" loading=\"lazy\" aria-describedby=\"gallery-1-417\" \/><\/a>\n\t\t\t<\/dt>\n\t\t\t\t<dd class='wp-caption-text gallery-caption' id='gallery-1-417'>\n\t\t\t\tWINTERLICHES WIENER RATHAUS, Radierung, Handcoloriert, 15x12cm, 2001, Auflage 25 Exemplare\n\t\t\t\t<\/dd><\/dl><dl class='gallery-item'>\n\t\t\t<dt class='gallery-icon landscape'>\n\t\t\t\t<a href='http:\/\/www.baszolich.com\/?attachment_id=423'><img width=\"150\" height=\"150\" src=\"http:\/\/www.baszolich.com\/wp-content\/uploads\/2014\/07\/Wiedergeburt-II.BurgWartenstein3-150x150.jpg\" class=\"attachment-thumbnail size-thumbnail\" alt=\"\" loading=\"lazy\" aria-describedby=\"gallery-1-423\" \/><\/a>\n\t\t\t<\/dt>\n\t\t\t\t<dd class='wp-caption-text gallery-caption' id='gallery-1-423'>\n\t\t\t\tWIEDERGEBURT DER BURGEN UND SCHL\u00d6SSER II, BURG WARTENSTEIN, Radierung, Handcoloriert, 15x13cm, 2008, Auflage 9 Exemplare\n\t\t\t\t<\/dd><\/dl><dl class='gallery-item'>\n\t\t\t<dt class='gallery-icon landscape'>\n\t\t\t\t<a href='http:\/\/www.baszolich.com\/?attachment_id=313'><img width=\"150\" height=\"150\" src=\"http:\/\/www.baszolich.com\/wp-content\/uploads\/2014\/07\/BurgenSchl\u00f6sser3Greifenstein_Dokum..1-150x150.jpg\" class=\"attachment-thumbnail size-thumbnail\" alt=\"\" loading=\"lazy\" aria-describedby=\"gallery-1-313\" \/><\/a>\n\t\t\t<\/dt>\n\t\t\t\t<dd class='wp-caption-text gallery-caption' id='gallery-1-313'>\n\t\t\t\tWIEDERGEBURT DER BURGEN UND SCHL\u00d6SSER III, RUINE GREIFENSTEIN ODER K\u00d6NIG L\u00d6WENHERZ SP\u00c4TE RACHE, Radierung, Handcoloriert, 16x12cm, 2001, Auflage 9 Exemplare\n\t\t\t\t<\/dd><\/dl>\n\t\t\t<br style='clear: both' \/>\n\t\t<\/div>\n\n<p><a href=\"http:\/\/www.baszolich.com\/wordpress\/wp-content\/uploads\/2014\/07\/Vorm-Palmenhaus-1994-col.bmp\"><img loading=\"lazy\" class=\"alignleft size-thumbnail wp-image-415\" src=\"http:\/\/www.baszolich.com\/wordpress\/wp-content\/uploads\/2014\/07\/Vorm-Palmenhaus-1994-col.bmp\" alt=\"Vorm Palmenhaus 1994 (col)\" width=\"1\" height=\"1\" \/><\/a><\/p>\n","protected":false},"excerpt":{"rendered":"","protected":false},"author":1,"featured_media":0,"parent":0,"menu_order":0,"comment_status":"closed","ping_status":"closed","template":"","meta":[],"_links":{"self":[{"href":"http:\/\/www.baszolich.com\/index.php?rest_route=\/wp\/v2\/pages\/70"}],"collection":[{"href":"http:\/\/www.baszolich.com\/index.php?rest_route=\/wp\/v2\/pages"}],"about":[{"href":"http:\/\/www.baszolich.com\/index.php?rest_route=\/wp\/v2\/types\/page"}],"author":[{"embeddable":true,"href":"http:\/\/www.baszolich.com\/index.php?rest_route=\/wp\/v2\/users\/1"}],"replies":[{"embeddable":true,"href":"http:\/\/www.baszolich.com\/index.php?rest_route=%2Fwp%2Fv2%2Fcomments&post=70"}],"version-history":[{"count":13,"href":"http:\/\/www.baszolich.com\/index.php?rest_route=\/wp\/v2\/pages\/70\/revisions"}],"predecessor-version":[{"id":722,"href":"http:\/\/www.baszolich.com\/index.php?rest_route=\/wp\/v2\/pages\/70\/revisions\/722"}],"wp:attachment":[{"href":"http:\/\/www.baszolich.com\/index.php?rest_route=%2Fwp%2Fv2%2Fmedia&parent=70"}],"curies":[{"name":"wp","href":"https:\/\/api.w.org\/{rel}","templated":true}]}}