{"id":78,"date":"2014-07-25T12:43:29","date_gmt":"2014-07-25T10:43:29","guid":{"rendered":"http:\/\/www.baszolich.com\/wordpress\/?page_id=78"},"modified":"2021-12-03T14:47:32","modified_gmt":"2021-12-03T12:47:32","slug":"ausstellungen","status":"publish","type":"page","link":"http:\/\/www.baszolich.com\/?page_id=78","title":{"rendered":"Ausstellungen"},"content":{"rendered":"\n<figure class=\"wp-block-image size-large\"><img loading=\"lazy\" width=\"750\" height=\"1024\" src=\"http:\/\/www.baszolich.com\/wp-content\/uploads\/2021\/12\/EinladungBadFischauSchlossklein-1-750x1024.jpg\" alt=\"\" class=\"wp-image-1144\" srcset=\"http:\/\/www.baszolich.com\/wp-content\/uploads\/2021\/12\/EinladungBadFischauSchlossklein-1-750x1024.jpg 750w, http:\/\/www.baszolich.com\/wp-content\/uploads\/2021\/12\/EinladungBadFischauSchlossklein-1-220x300.jpg 220w, http:\/\/www.baszolich.com\/wp-content\/uploads\/2021\/12\/EinladungBadFischauSchlossklein-1-768x1049.jpg 768w, http:\/\/www.baszolich.com\/wp-content\/uploads\/2021\/12\/EinladungBadFischauSchlossklein-1-1125x1536.jpg 1125w, http:\/\/www.baszolich.com\/wp-content\/uploads\/2021\/12\/EinladungBadFischauSchlossklein-1-110x150.jpg 110w, http:\/\/www.baszolich.com\/wp-content\/uploads\/2021\/12\/EinladungBadFischauSchlossklein-1.jpg 1200w\" sizes=\"(max-width: 750px) 100vw, 750px\" \/><\/figure>\n\n\n<h2>\u00a0<\/h2>\n<h2>Aktuelle Ausstellungen:<\/h2>\n<p><strong>BLAUGELBE VIERTELS GALERIE, SCHLOSS BAD FISCHAU<\/strong><\/p>\n<p>Wiener Neust\u00e4dter Strasse 3, 2721 Bad Fischau-Brunn<\/p>\n<p>5. bis 22. November 2021<\/p>\n<p><strong><em data-rich-text-format-boundary=\"true\">_CORONA BEDINGT VERSCHOBEN AUF NOVEMBER 2021_<\/em><\/strong><\/p>\n<p><strong>Vernissage 4. November 2021, 19.00 Uhr<\/strong><\/p>\n<p>\u00a0<\/p>\n<h2>&#8212;&#8212;&#8212;&#8212;&#8212;&#8212;&#8212;&#8212;&#8212;&#8212;&#8212;&#8212;&#8212;&#8212;&#8212;&#8212;-<\/h2>\n<h2 style=\"text-align: justify;\">\u00a0 Vorschau Ausstellungen:<\/h2>\n<p>\u00a0<\/p>\n<p>\u00a0<\/p>\n<p>&#8212;&#8212;&#8212;&#8212;&#8212;&#8212;&#8212;&#8212;&#8212;&#8212;&#8212;&#8212;&#8212;&#8212;&#8212;&#8212;&#8212;&#8212;&#8212;&#8212;&#8212;&#8212;&#8212;&#8212;&#8212;&#8212;-<\/p>\n<h2>Aktuelle Beteiligungen:<\/h2>\n<p>\u00a0<\/p>\n<h2>Vorschau Beteiligungen:<\/h2>\n<p>\u00a0<\/p>\n<h2>Vergangene Beteiligungen:<\/h2>\n<p>\u00a0<\/p>\n\n\n<p><strong>WIENER NEUST\u00c4DTER K\u00dcNSTLERVEREINIGUNG<\/strong><\/p>\n\n\n\n<h2>STEINFELD<\/h2>\n\n\n\n<p class=\"has-text-align-left\">AUSSELLUNGSBR\u00dcCKE IM LANDHAUS SANKT P\u00d6LTEN<\/p>\n\n\n\n<p class=\"has-text-align-left\">Vernissage 4. September 2019, 19.30 Uhr<\/p>\n\n\n\n<p>Ausstellungsdauer bis 13. Oktober 2019<\/p>\n\n\n\n<p><\/p>\n\n\n\n<p><\/p>\n\n\n<p>___________________________________________________________________<\/p>\n<h3>&nbsp;<\/h3>\n<h2><span style=\"color: #000000; font-size: 1.2em; line-height: 1.5em;\">&nbsp;<\/span>Vergangene Ausstellungen (ab 2014):<\/h2>\n<p><\/p>\n<h2>Stadtgalerie im alten Herrenhaus Ternitz<\/h2>\n<h2>Vernissage 21.11. 2018 19.00 Uhr<\/h2>\n<h2>Ausstellung bis 9.12.2018<\/h2>\n<p>F.Dinhoblstrasse 2,&nbsp; A &#8211;&nbsp; 2630 Ternitz<\/p>\n<h2>&nbsp;<\/h2>\n<h2>Galerie der Evangelischen Kirche Wiener Neustadt<\/h2>\n<h2>Vernissage 26. 4 2018, 19.00 Uhr<\/h2>\n<p>Ferdinand Porsche Ring 4,&nbsp; &nbsp;A &#8211; 2700 Wiener Neustadt<\/p>\n<p>&#8212;&#8212;&#8212;&#8212;&#8212;&#8212;&#8212;&#8212;&#8212;&#8212;&#8212;&#8212;&#8212;&#8212;&#8212;&#8212;&#8212;&#8212;&#8212;&#8212;&#8212;&#8212;&#8212;&#8212;&#8212;&#8212;&#8211;<\/p>\n<h4>&nbsp;<\/h4>\n<h2><a href=\"http:\/\/www.baszolich.com\/?attachment_id=860\" rel=\"attachment wp-att-860\"><img loading=\"lazy\" class=\"aligncenter size-full wp-image-860\" src=\"http:\/\/www.baszolich.com\/wp-content\/uploads\/2014\/07\/EinladungAusstellungsbru\u0308cke-1.jpg\" alt=\"\" width=\"561\" height=\"382\" srcset=\"http:\/\/www.baszolich.com\/wp-content\/uploads\/2014\/07\/EinladungAusstellungsbru\u0308cke-1.jpg 561w, http:\/\/www.baszolich.com\/wp-content\/uploads\/2014\/07\/EinladungAusstellungsbru\u0308cke-1-300x204.jpg 300w, http:\/\/www.baszolich.com\/wp-content\/uploads\/2014\/07\/EinladungAusstellungsbru\u0308cke-1-220x150.jpg 220w, http:\/\/www.baszolich.com\/wp-content\/uploads\/2014\/07\/EinladungAusstellungsbru\u0308cke-1-150x102.jpg 150w\" sizes=\"(max-width: 561px) 100vw, 561px\" \/><\/a><\/h2>\n<p>&#8212;&#8212;&#8212;&#8212;&#8212;&#8212;&#8212;&#8212;&#8212;&#8212;&#8212;&#8212;&#8212;&#8212;&#8212;&#8212;&#8212;&#8212;&#8212;&#8212;&#8212;&#8212;&#8212;&#8212;&#8212;&#8212;&#8212;&#8211;<\/p>\n<p>18. Juni, 2017&nbsp; Schwarzatal trifft Triestingtal (und 59. Geburtstag von Romy)<\/p>\n<p>Alte Gasse 23a 2552 Hirtenberg<\/p>\n<p>mitwirkende sind:<\/p>\n<p><b>Rosemarie Romy Eder, <\/b>und<\/p>\n<p class=\"p1\"><b>Herbert Chouli Baszolich<\/b>, Hirtenberg,<\/p>\n<p class=\"p1\"><i>Malerei und Grafi<\/i>k<\/p>\n<p class=\"p1\"><b>Wilfried Scherzer<\/b>, Reichenau,<\/p>\n<p class=\"p1\"><i>Fotografie<\/i><\/p>\n<p class=\"p1\"><b>Brigitta Forsthuber<\/b>, Ternitz,<\/p>\n<p class=\"p1\"><i>Geh\u00e4kelter handgefertigter Schmuck<\/i><\/p>\n<p class=\"p1\">18.00 Uhr,<b> Brigitte Steiner<\/b>, Enzesfeld<\/p>\n<p class=\"p1\"><i>Kreistanzgruppe (mitmachen m\u00f6glich)<\/i><\/p>\n<h5>&nbsp;<\/h5>\n<p>&#8212;&#8212;&#8212;&#8212;&#8212;&#8212;&#8212;&#8212;&#8212;&#8212;&#8212;&#8212;&#8212;&#8212;&#8212;&#8212;&#8212;&#8212;&#8212;&#8212;&#8212;&#8212;&#8212;&#8212;&#8212;-<\/p>\n<p>1-30. November 2015 \/\/ 6370 Kitzb\u00fchel, Tirol, Galerie KitzArt, Im Gries 21<\/p>\n<p>&#8212;&#8212;&#8212;&#8212;&#8212;&#8212;&#8212;&#8212;&#8212;&#8212;&#8212;&#8212;&#8212;&#8212;&#8212;&#8212;&#8212;&#8212;&#8212;&#8212;&#8212;&#8212;&#8212;&#8212;&#8212;-<\/p>\n<p>Februar &#8211; Juni 2015 \/\/ Pr\u00e4sentation beim Holzwurm, 2700 Wiener Neustadt, &nbsp;Zehnerg\u00fcrtel 110 vom 16. Februar bis 1. Juni 2015 (mit Rosemarie Eder)<\/p>\n<p>&#8212;&#8212;&#8212;&#8212;&#8212;&#8212;&#8212;&#8212;&#8212;&#8212;&#8212;&#8212;&#8212;&#8212;&#8212;&#8212;&#8212;&#8212;&#8212;&#8212;&#8212;&#8212;&#8212;&#8212;&#8212;&#8211;<\/p>\n<p>M\u00e4rz &#8211; April 2015 \/\/ 2700 Wiener Neustadt, Nieder\u00f6sterreich, im Alten Rathaus,&nbsp;&#8222;Kunst im Senat&#8220;&nbsp;Er\u00f6ffnung der Ausstellung: 18.3.2015 um 19.00 Uhr, \u00d6ffnungszeiten:&nbsp; 19.3., 20.3., 25.3., 26.3., 27.3., 1.4. und 2.4.2015 jeweils von 17-19 Uhr<\/p>\n<p>&#8212;&#8212;&#8212;&#8212;&#8212;&#8212;&#8212;&#8212;&#8212;&#8212;&#8212;&#8212;&#8212;&#8212;&#8212;&#8212;&#8212;&#8212;&#8212;&#8212;&#8212;&#8212;&#8212;&#8212;&#8212;&#8212;-<\/p>\n<h4 style=\"color: #000000;\">Weihnachtspr\u00e4sentation 2014<\/h4>\n<p>Wir laden recht herzlich in unsere Kunst und Kulturwerkst\u00e4tte zur WEIHNACHTSPR\u00c4SENTATION 2014 und freuen uns auf Ihr (Euer) Kommen &nbsp; &nbsp;Alte Gasse 23 a, 2552 Hirtenberg &nbsp; &nbsp; am&nbsp;&nbsp;Sa. 6. 12. 2014 &nbsp;von&nbsp;11 \u2013 18 Uhr Bilder, Radierungen, Digitale Grafiken- und Drucke Kunstbilletts, Kunstkalender 2015 Atelierwein 2014, \u201eDrachenblut V\u201c vom Weingut M &amp; G Lunzer Etikett von Chouli Baszolich Glasperlen schmuck nach alter Technik von K\u00fcnstlerin Brigitta Forsthuber geh\u00e4kelt<\/p>\n<p>&#8212;&#8212;&#8212;&#8212;&#8212;&#8212;&#8212;&#8212;&#8212;&#8212;&#8212;&#8212;&#8212;&#8212;&#8212;&#8212;&#8212;&#8212;&#8212;&#8212;&#8212;&#8212;&#8212;&#8212;&#8212;&#8212;&#8212;<\/p>\n<h4 style=\"color: #000000;\">Er\u00f6ffnung der Kunst und Kulturwerkstatt &#8211; 9.8.2014<\/h4>\n<p><span style=\"color: #000000;\">Er\u00f6ffnung unseres neuen Ateliers in Hirtenberg im Wienerwald im Triestingtal. &nbsp; &nbsp; &nbsp; &nbsp; &nbsp; &nbsp; &nbsp; <\/span>Alte Gasse 23A 2552 Hirtenberg<\/p>\n<p>____________________________________________<\/p>\n<h2>&nbsp;<\/h2>\n<h2>&nbsp;<\/h2>\n<h2>&nbsp;<\/h2>\n<h2>&nbsp;Vergangene&nbsp;Beteiligungen (ab 2014)<\/h2>\n<p><\/p>\n<p>TAGE DER OFFENEN ATELIERS &nbsp; 2019<\/p>\n<p>am 19. und 20. Oktober 2019 von 14 &#8211; 18 Uhr<\/p>\n<p>___________________________________________________<\/p>\n<p>TAGE DER OFFENEN ATELIERS 2018<\/p>\n<p>am 18. und 19. Oktober 2018 von 14 &#8211; 18 Uhr<\/p>\n<p>&#8212;&#8212;&#8212;&#8212;&#8212;&#8212;&#8212;&#8212;&#8212;&#8212;&#8212;&#8212;&#8212;&#8212;&#8212;&#8212;&#8212;&#8212;&#8212;&#8212;&#8212;&#8212;&#8212;&#8212;&#8212;&#8212;<\/p>\n<p class=\"m_1209456197533199709gmail-m_8919395425734520689m_-3618136268229647997gmail-p1\">TAGE DER OFFENEN ATELIERS &nbsp; 2017<\/p>\n<p class=\"m_1209456197533199709gmail-m_8919395425734520689m_-3618136268229647997gmail-p1\">am&nbsp; 14.&nbsp;und 15.&nbsp;10. von&nbsp; 14 &#8211; 18 Uhr<\/p>\n<p>&#8212;&#8212;&#8212;&#8212;&#8212;&#8212;&#8212;&#8212;&#8212;&#8212;&#8212;&#8212;&#8212;&#8212;&#8212;&#8212;&#8212;&#8212;&#8212;&#8212;&#8212;&#8212;&#8212;&#8212;&#8212;&#8212;-<\/p>\n<p>27. Juli-10.September 2016, &nbsp; &nbsp; &nbsp; &nbsp; &nbsp; A Legacy Of Light,<\/p>\n<p>Ausstellung 28. Juli bis 10.September 2016<\/p>\n<p>Internationale Tribut Ausstellung Prof. Ernst Fuchs<\/p>\n<p>Er\u00f6ffnung 27. Juli 2016, 19.00 Uhr, &nbsp;Schloss Gloggnitz<\/p>\n<p>A-2640 Gloggnitz<\/p>\n<p>&#8212;&#8212;&#8212;&#8212;&#8212;&#8212;&#8212;&#8212;&#8212;&#8212;&#8212;&#8212;&#8212;&#8212;&#8212;&#8212;&#8212;&#8212;&#8212;&#8212;&#8212;&#8212;&#8212;&#8212;&#8212;&#8212;<\/p>\n<h4>ArtExpo Barcelona Art Fair<\/h4>\n<h4>Evento artistico internazionale a Barcellona (Spagna)<\/h4>\n<h4>dal 21 novembre 2015 al 4 dicembre 2015 vernissage 21 novembre 2015 alle ore 18<\/h4>\n<h4>presso la Crisolart Art Gallery in pieno centro storico (piazza catalunya)<\/h4>\n<h4>in Calle Balmes 44-46, Princ. 2\u00ba 08007 Barcelona<\/h4>\n<h4>curatrice della mostra \u00e8 sempre Isabel Capdevila Sabanes (galleria Ada Art Gallery)<\/h4>\n<p>&#8212;&#8212;&#8212;&#8212;&#8212;&#8212;&#8212;&#8212;&#8212;&#8212;&#8212;&#8212;&#8212;&#8212;&#8212;&#8212;&#8212;&#8212;&#8212;&#8212;&#8212;&#8212;&#8212;&#8212;&#8212;&#8212;-<\/p>\n<h4>Tage der offenen Ateliers 2015 &nbsp;17. Oktober 14 &#8211; 18 Uhr und 18. Oktober 10 &#8211; 12, 14 &#8211; 18 Uhr<\/h4>\n<h4>&nbsp;<\/h4>\n<p>&#8212;&#8212;&#8212;&#8212;&#8212;&#8212;&#8212;&#8212;&#8212;&#8212;&#8212;&#8212;&#8212;&#8212;&#8212;&#8212;&#8212;&#8212;&#8212;&#8212;&#8212;&#8212;&#8212;&#8212;&#8212;&#8212;&#8212;<\/p>\n<p>Mai &nbsp; 2015 &#8211; Juli 2015 &nbsp;\/\/ &nbsp;Vernissage 22. Mai, 19.00&nbsp;Uhr, GAUERMANNMUSEUM, &nbsp;2762 Miesenbach, Scheuchenstein 127<\/p>\n<p>&#8212;&#8212;&#8212;&#8212;&#8212;&#8212;&#8212;&#8212;&#8212;&#8212;&#8212;&#8212;&#8212;&#8212;&#8212;&#8212;&#8212;&#8212;&#8212;&#8212;&#8212;&#8212;&#8212;&#8212;&#8212;&#8212;&#8212;<\/p>\n<p>Jahresausstellung der Wiener Neust\u00e4dter K\u00fcnstlervereinigung in St.Peter\/Speer in Wr.Neustadt, Vernissage am 1.Oktober 2015, 19.00 Uhr<\/p>\n<p>&#8212;&#8212;&#8212;&#8212;&#8212;&#8212;&#8212;&#8212;&#8212;&#8212;&#8212;&#8212;&#8212;&#8212;&#8212;&#8212;&#8212;&#8212;&#8212;&#8212;&#8212;&#8212;&#8212;&#8212;&#8212;&#8212;&#8212;<\/p>\n<h4>Tage der offenen Ateliers 2014 18. Oktober 14 &#8211; 18 Uhr und 19. Oktober 10 &#8211; 12, 14 &#8211; 18 Uhr<\/h4>\n<p>&#8212;&#8212;&#8212;&#8212;&#8212;&#8212;&#8212;&#8212;&#8212;&#8212;&#8212;&#8212;&#8212;&#8212;&#8212;&#8212;&#8212;&#8212;&#8212;&#8212;&#8212;&#8212;&#8212;&#8212;&#8212;&#8212;&#8212;<\/p>\n<p>Jahresausstellung der Wiener Neust\u00e4dter K\u00fcnstlervereinigung in St.Peter\/Speer in Wr.Neustadt, Vernissage am 2.Oktober 2014, 19.00 Uhr<\/p>","protected":false},"excerpt":{"rendered":"<p>\u00a0 Aktuelle Ausstellungen: BLAUGELBE VIERTELS GALERIE, SCHLOSS BAD FISCHAU Wiener Neust\u00e4dter Strasse 3, 2721 Bad Fischau-Brunn 5. bis 22. November 2021 _CORONA BEDINGT VERSCHOBEN AUF NOVEMBER 2021_ Vernissage 4. November 2021, 19.00 Uhr \u00a0 &#8212;&#8212;&#8212;&#8212;&#8212;&#8212;&#8212;&#8212;&#8212;&#8212;&#8212;&#8212;&#8212;&#8212;&#8212;&#8212;- \u00a0 Vorschau Ausstellungen: \u00a0 \u00a0 &#8212;&#8212;&#8212;&#8212;&#8212;&#8212;&#8212;&#8212;&#8212;&#8212;&#8212;&#8212;&#8212;&#8212;&#8212;&#8212;&#8212;&#8212;&#8212;&#8212;&#8212;&#8212;&#8212;&#8212;&#8212;&#8212;- Aktuelle Beteiligungen: \u00a0 Vorschau Beteiligungen: \u00a0 Vergangene Beteiligungen: \u00a0 \u2026<\/p>\n<p> <a class=\"continue-reading-link\" href=\"http:\/\/www.baszolich.com\/?page_id=78\">mehr lesen<i class=\"icon-right-dir\"><\/i><\/a><\/p>\n","protected":false},"author":1,"featured_media":0,"parent":0,"menu_order":0,"comment_status":"closed","ping_status":"closed","template":"","meta":[],"_links":{"self":[{"href":"http:\/\/www.baszolich.com\/index.php?rest_route=\/wp\/v2\/pages\/78"}],"collection":[{"href":"http:\/\/www.baszolich.com\/index.php?rest_route=\/wp\/v2\/pages"}],"about":[{"href":"http:\/\/www.baszolich.com\/index.php?rest_route=\/wp\/v2\/types\/page"}],"author":[{"embeddable":true,"href":"http:\/\/www.baszolich.com\/index.php?rest_route=\/wp\/v2\/users\/1"}],"replies":[{"embeddable":true,"href":"http:\/\/www.baszolich.com\/index.php?rest_route=%2Fwp%2Fv2%2Fcomments&post=78"}],"version-history":[{"count":83,"href":"http:\/\/www.baszolich.com\/index.php?rest_route=\/wp\/v2\/pages\/78\/revisions"}],"predecessor-version":[{"id":1145,"href":"http:\/\/www.baszolich.com\/index.php?rest_route=\/wp\/v2\/pages\/78\/revisions\/1145"}],"wp:attachment":[{"href":"http:\/\/www.baszolich.com\/index.php?rest_route=%2Fwp%2Fv2%2Fmedia&parent=78"}],"curies":[{"name":"wp","href":"https:\/\/api.w.org\/{rel}","templated":true}]}}